{"id":41231,"date":"2021-10-04T17:41:23","date_gmt":"2021-10-04T15:41:23","guid":{"rendered":"https:\/\/lemco.dk\/shop\/gant-activehands-pour-main-paralyse-mains\/"},"modified":"2025-05-21T17:03:22","modified_gmt":"2025-05-21T15:03:22","slug":"gant-activehands-pour-main-paralyse-mains","status":"publish","type":"product","link":"https:\/\/lemco.dk\/fr\/shop\/gant-activehands-pour-main-paralyse-mains\/","title":{"rendered":"Gant ActiveHands pour main paralys\u00e9 \/ mains"},"content":{"rendered":"<div class=\"wpb-content-wrapper\"><p>[vc_row][vc_column offset=&#8221;vc_col-lg-offset-1 vc_col-lg-10 vc_col-md-offset-1 vc_col-md-10&#8243; woodmart_css_id=&#8221;667149aa94d8b&#8221; parallax_scroll=&#8221;no&#8221; woodmart_sticky_column=&#8221;false&#8221; wd_collapsible_content_switcher=&#8221;no&#8221; wd_column_role_offcanvas_desktop=&#8221;no&#8221; wd_column_role_offcanvas_tablet=&#8221;no&#8221; wd_column_role_offcanvas_mobile=&#8221;no&#8221; wd_column_role_content_desktop=&#8221;no&#8221; wd_column_role_content_tablet=&#8221;no&#8221; wd_column_role_content_mobile=&#8221;no&#8221; mobile_bg_img_hidden=&#8221;no&#8221; tablet_bg_img_hidden=&#8221;no&#8221; woodmart_parallax=&#8221;0&#8243; woodmart_box_shadow=&#8221;no&#8221; responsive_spacing=&#8221;eyJwYXJhbV90eXBlIjoid29vZG1hcnRfcmVzcG9uc2l2ZV9zcGFjaW5nIiwic2VsZWN0b3JfaWQiOiI2NjcxNDlhYTk0ZDhiIiwic2hvcnRjb2RlIjoidmNfY29sdW1uIiwiZGF0YSI6eyJ0YWJsZXQiOnt9LCJtb2JpbGUiOnt9fX0=&#8221; mobile_reset_margin=&#8221;no&#8221; tablet_reset_margin=&#8221;no&#8221; wd_z_index=&#8221;no&#8221;][vc_column_text css=&#8221;&#8221; woodmart_inline=&#8221;no&#8221; text_larger=&#8221;no&#8221;]<\/p>\n<h2><strong>Gant permettant par exemple de garder une main par\u00e9tique sur les poign\u00e9es (ActiveHands)<\/strong><\/h2>\n<p><strong>ActiveHands<\/strong> est une aide d\u00e9velopp\u00e9e pour les personnes qui manquent de force dans la main pour utiliser des outils et s\u2019accrocher au guidon lors de l\u2019entra\u00eenement avec, par exemple, <a href=\"https:\/\/lemco.dk\/lemco-combi-bike-plus\/\">Combi Bike Plus.<\/a><\/p>\n<p>Les gants ont \u00e9t\u00e9 mis au point en Angleterre par un homme bless\u00e9 (t\u00e9trapl\u00e9gique) qui utilise un fauteuil roulant en permanence. Il existe diff\u00e9rents mod\u00e8les qui sont utilis\u00e9s pour diff\u00e9rentes t\u00e2ches. <\/p>\n<p>Chez nous, nous les utilisons principalement pour entra\u00eener un bras paralys\u00e9 avec notre entra\u00eeneur de mobilit\u00e9&#8230; Nous pouvons ensuite modifier le rayon de rotation de la poign\u00e9e, de sorte que m\u00eame un bras par\u00e9tique\/boiteux puisse s\u2019entra\u00eener avec un grand avantage. <\/p>\n<p><strong>Les ActiveHands sont con\u00e7ues pour diff\u00e9rentes tailles de mains.<\/strong><\/p>\n<ul>\n<li>ActiveHands peut \u00eatre lav\u00e9 \u00e0 40 degr\u00e9s<\/li>\n<li>Con\u00e7u juste pour durer !<\/li>\n<li>Bonne qualit\u00e9<\/li>\n<li>Mat\u00e9riau d\u00e9licieux<\/li>\n<li>Le gant a un bon ajustement<\/li>\n<li>Lavable \u00e0 40 degr\u00e9s<\/li>\n<\/ul>\n<p>[\/vc_column_text][\/vc_column][\/vc_row][vc_row][vc_column offset=&#8221;vc_col-lg-offset-1 vc_col-lg-10 vc_col-md-offset-1 vc_col-md-10&#8243; woodmart_css_id=&#8221;667149aa94d8b&#8221; parallax_scroll=&#8221;no&#8221; woodmart_sticky_column=&#8221;false&#8221; wd_collapsible_content_switcher=&#8221;no&#8221; wd_column_role_offcanvas_desktop=&#8221;no&#8221; wd_column_role_offcanvas_tablet=&#8221;no&#8221; wd_column_role_offcanvas_mobile=&#8221;no&#8221; wd_column_role_content_desktop=&#8221;no&#8221; wd_column_role_content_tablet=&#8221;no&#8221; wd_column_role_content_mobile=&#8221;no&#8221; mobile_bg_img_hidden=&#8221;no&#8221; tablet_bg_img_hidden=&#8221;no&#8221; woodmart_parallax=&#8221;0&#8243; woodmart_box_shadow=&#8221;no&#8221; responsive_spacing=&#8221;eyJwYXJhbV90eXBlIjoid29vZG1hcnRfcmVzcG9uc2l2ZV9zcGFjaW5nIiwic2VsZWN0b3JfaWQiOiI2NjcxNDlhYTk0ZDhiIiwic2hvcnRjb2RlIjoidmNfY29sdW1uIiwiZGF0YSI6eyJ0YWJsZXQiOnt9LCJtb2JpbGUiOnt9fX0=&#8221; mobile_reset_margin=&#8221;no&#8221; tablet_reset_margin=&#8221;no&#8221; wd_z_index=&#8221;no&#8221;][vc_column_text css=&#8221;&#8221; woodmart_inline=&#8221;no&#8221; text_larger=&#8221;no&#8221;]<\/p>\n<h2><strong>Quel gant ActiveHands dois-je choisir ?  <\/strong><\/h2>\n<p>La plupart des adultes trouvent que notre taille \u00ab Standard \u00bb Active Hands leur convient. Cependant, les aides \u00e0 la pr\u00e9hension sont \u00e9galement disponibles en version \u00ab Small \u00bb (pour les adultes ayant des mains particuli\u00e8rement petites et les enfants de plus de cinq ans) et \u00ab Large \u00bb. <\/p>\n<p>Pour les enfants de moins de 5 ans, nous nous r\u00e9f\u00e9rons \u00e0 notre taille \u00e0 usage g\u00e9n\u00e9ral \u00ab Mini \u00bb. Consultez le guide des tailles ci-dessus pour trouver la taille qui vous convient le mieux.[\/vc_column_text][\/vc_column][\/vc_row][vc_row][vc_column offset=&#8221;vc_col-lg-offset-1 vc_col-lg-10 vc_col-md-offset-1 vc_col-md-10&#8243; woodmart_css_id=&#8221;667149aa94d8b&#8221; parallax_scroll=&#8221;no&#8221; woodmart_sticky_column=&#8221;false&#8221; wd_collapsible_content_switcher=&#8221;no&#8221; wd_column_role_offcanvas_desktop=&#8221;no&#8221; wd_column_role_offcanvas_tablet=&#8221;no&#8221; wd_column_role_offcanvas_mobile=&#8221;no&#8221; wd_column_role_content_desktop=&#8221;no&#8221; wd_column_role_content_tablet=&#8221;no&#8221; wd_column_role_content_mobile=&#8221;no&#8221; mobile_bg_img_hidden=&#8221;no&#8221; tablet_bg_img_hidden=&#8221;no&#8221; woodmart_parallax=&#8221;0&#8243; woodmart_box_shadow=&#8221;no&#8221; responsive_spacing=&#8221;eyJwYXJhbV90eXBlIjoid29vZG1hcnRfcmVzcG9uc2l2ZV9zcGFjaW5nIiwic2VsZWN0b3JfaWQiOiI2NjcxNDlhYTk0ZDhiIiwic2hvcnRjb2RlIjoidmNfY29sdW1uIiwiZGF0YSI6eyJ0YWJsZXQiOnt9LCJtb2JpbGUiOnt9fX0=&#8221; mobile_reset_margin=&#8221;no&#8221; tablet_reset_margin=&#8221;no&#8221; wd_z_index=&#8221;no&#8221;][vc_column_text css=&#8221;&#8221; woodmart_inline=&#8221;no&#8221; text_larger=&#8221;no&#8221;]<\/p>\n<h2><strong>Les ActiveHands sont durables <\/strong><\/h2>\n<p>Les aides ActiveHands sont \u00e0 la fois douces pour la peau et faites pour durer. Ils sont fabriqu\u00e9s en mat\u00e9riau de sangle durable et en n\u00e9opr\u00e8ne confortable mais durable (m\u00eame mat\u00e9riau que les combinaisons). Ils sont con\u00e7us pour \u00eatre utilis\u00e9s r\u00e9guli\u00e8rement, m\u00eame pour des activit\u00e9s exigeantes.[\/vc_column_text][\/vc_column][\/vc_row][vc_row woodmart_css_id=&#8221;68077e0409628&#8243; responsive_spacing=&#8221;eyJwYXJhbV90eXBlIjoid29vZG1hcnRfcmVzcG9uc2l2ZV9zcGFjaW5nIiwic2VsZWN0b3JfaWQiOiI2ODA3N2UwNDA5NjI4Iiwic2hvcnRjb2RlIjoidmNfcm93IiwiZGF0YSI6eyJ0YWJsZXQiOnt9LCJtb2JpbGUiOnt9fX0=&#8221; mobile_bg_img_hidden=&#8221;no&#8221; tablet_bg_img_hidden=&#8221;no&#8221; woodmart_parallax=&#8221;0&#8243; woodmart_gradient_switch=&#8221;no&#8221; woodmart_box_shadow=&#8221;no&#8221; wd_z_index=&#8221;no&#8221; woodmart_disable_overflow=&#8221;0&#8243; row_reverse_mobile=&#8221;0&#8243; row_reverse_tablet=&#8221;0&#8243;][vc_column offset=&#8221;vc_col-lg-offset-1 vc_col-lg-10 vc_col-md-offset-1 vc_col-md-10&#8243; woodmart_css_id=&#8221;667149aa94d8b&#8221; parallax_scroll=&#8221;no&#8221; woodmart_sticky_column=&#8221;false&#8221; wd_collapsible_content_switcher=&#8221;no&#8221; wd_column_role_offcanvas_desktop=&#8221;no&#8221; wd_column_role_offcanvas_tablet=&#8221;no&#8221; wd_column_role_offcanvas_mobile=&#8221;no&#8221; wd_column_role_content_desktop=&#8221;no&#8221; wd_column_role_content_tablet=&#8221;no&#8221; wd_column_role_content_mobile=&#8221;no&#8221; mobile_bg_img_hidden=&#8221;no&#8221; tablet_bg_img_hidden=&#8221;no&#8221; woodmart_parallax=&#8221;0&#8243; woodmart_box_shadow=&#8221;no&#8221; responsive_spacing=&#8221;eyJwYXJhbV90eXBlIjoid29vZG1hcnRfcmVzcG9uc2l2ZV9zcGFjaW5nIiwic2VsZWN0b3JfaWQiOiI2NjcxNDlhYTk0ZDhiIiwic2hvcnRjb2RlIjoidmNfY29sdW1uIiwiZGF0YSI6eyJ0YWJsZXQiOnt9LCJtb2JpbGUiOnt9fX0=&#8221; mobile_reset_margin=&#8221;no&#8221; tablet_reset_margin=&#8221;no&#8221; wd_z_index=&#8221;no&#8221;][vc_column_text css=&#8221;&#8221; woodmart_inline=&#8221;no&#8221; text_larger=&#8221;no&#8221;]<\/p>\n<h2><strong>Les Active Hands sont disponibles en 4 tailles  <\/strong><\/h2>\n<p>Des mains mini aux mains adultes, il existe une Active Hands pour s\u2019adapter[\/vc_column_text][vc_single_image image=&#8221;41064&#8243; img_size=&#8221;full&#8221; alignment=&#8221;center&#8221; css=&#8221;&#8221; parallax_scroll=&#8221;no&#8221; woodmart_inline=&#8221;no&#8221;][vc_column_text css=&#8221;&#8221; woodmart_inline=&#8221;no&#8221; text_larger=&#8221;no&#8221;]<strong>Guide g\u00e9n\u00e9ral pour choisir une taille<\/strong>[\/vc_column_text][vc_column_text css=&#8221;&#8221; woodmart_inline=&#8221;no&#8221; text_larger=&#8221;no&#8221;]<\/p>\n<ul>\n<li><strong>ActiveHands Mini : <\/strong>Jusqu\u2019\u00e0 5 ans<\/li>\n<li><strong>ActiveHands petites :<\/strong> Plus de 5 ans et adultes avec de petites mains<\/li>\n<li><strong>ActiveHands standard :<\/strong> Adulte<\/li>\n<li><strong>ActiveHands grandes :<\/strong> Adultes avec de grandes mains<\/li>\n<\/ul>\n<p>[\/vc_column_text][\/vc_column][\/vc_row]<\/p>\n<\/div>","protected":false},"excerpt":{"rendered":"<p><strong>Les ActiveHands sont d\u2019une grande aide pour l\u2019auto-entra\u00eenement avec Motomed, Teratrainer, Combi Bike Plus.<\/strong><\/p>\n<p>De nombreuses personnes atteintes de par\u00e9sie ont beaucoup de mal \u00e0 garder les mains sur des objets ronds&#8230; Il peut \u00eatre r\u00e9solu dans une large mesure avec ce gant intelligent qui permet de s\u2019accrocher facilement \u00e0 des objets arrondis, ce qui est autrement impossible si vous avez une main paralys\u00e9e apr\u00e8s un accident vasculaire c\u00e9r\u00e9bral ou une blessure, par exemple. <\/p>\n<p>&nbsp;<\/p>\n[caption id=\"attachment_30712\" align=\"alignnone\" width=\"260\"]<img loading=\"lazy\" decoding=\"async\" class=\"size-full wp-image-30712\" src=\"https:\/\/lemco.dk\/wp-content\/uploads\/2021\/10\/Activehands-sizeguide.jpg\" alt=\"Guide des tailles Activehands\" width=\"260\" height=\"300\" srcset=\"https:\/\/lemco.dk\/wp-content\/uploads\/2021\/10\/Activehands-sizeguide.jpg 260w, https:\/\/lemco.dk\/wp-content\/uploads\/2021\/10\/Activehands-sizeguide-150x173.jpg 150w\" sizes=\"auto, (max-width: 260px) 100vw, 260px\" \/> <strong>Guide des tailles Activehands<\/strong>[\/caption]\n<p><strong>Petites mains ActiveHands<\/strong> : 135 &#8211; 150 mm (A)<br \/>\n<strong>Petites mains ActiveHands<\/strong> : 135-175 mm (L)<\/p>\n<p><strong>ActiveHands standard<\/strong> : 145 &#8211; 185 mm (A)<br \/>\n<strong>ActiveHands standard<\/strong> : 175-210 mm (L)<\/p>\n<p><strong>Grands ActiveHands : <\/strong>180-220 mm (A)<strong><br \/>\nGrands ActiveHands : <\/strong>195-280 mm (W)<strong><br \/>\n<\/strong><\/p>\n","protected":false},"featured_media":38887,"comment_status":"open","ping_status":"closed","template":"","meta":{"content-type":""},"product_brand":[],"product_cat":[2797],"product_tag":[7138,7139,7141,7140],"class_list":{"0":"post-41231","1":"product","2":"type-product","3":"status-publish","4":"has-post-thumbnail","6":"product_cat-divers","7":"product_tag-activehands","8":"product_tag-gant-pour-main-paretique","9":"product_tag-gants-pour-equipement-dentrainement","10":"product_tag-garder-le-gant-sous-controle","12":"first","13":"instock","14":"taxable","15":"shipping-taxable","16":"purchasable","17":"product-type-variable"},"yoast_head":"<!-- This site is optimized with the Yoast SEO Premium plugin v27.3 (Yoast SEO v27.3) - https:\/\/yoast.com\/product\/yoast-seo-premium-wordpress\/ -->\n<title>Gant ActiveHands pour main paralys\u00e9 \/ mains - Lemco<\/title>\n<meta name=\"description\" content=\"Avec ActiveHands, les personnes ayant une main paralys\u00e9e peuvent tenir beaucoup plus facilement des outils, des guidons de v\u00e9lo, etc. Nous sommes l\u2019importateur officiel de ces gants intelligents.\" \/>\n<meta name=\"robots\" content=\"index, follow, max-snippet:-1, max-image-preview:large, max-video-preview:-1\" \/>\n<link rel=\"canonical\" href=\"https:\/\/lemco.dk\/fr\/shop\/gant-activehands-pour-main-paralyse-mains\/\" \/>\n<meta property=\"og:locale\" content=\"fr_FR\" \/>\n<meta property=\"og:type\" content=\"article\" \/>\n<meta property=\"og:title\" content=\"Gant ActiveHands pour main paralys\u00e9 \/ mains\" \/>\n<meta property=\"og:description\" content=\"Avec ActiveHands, les personnes ayant une main paralys\u00e9e peuvent tenir beaucoup plus facilement des outils, des guidons de v\u00e9lo, etc. Nous sommes l\u2019importateur officiel de ces gants intelligents.\" \/>\n<meta property=\"og:url\" content=\"https:\/\/lemco.dk\/fr\/shop\/gant-activehands-pour-main-paralyse-mains\/\" \/>\n<meta property=\"og:site_name\" content=\"Lemco\" \/>\n<meta property=\"article:publisher\" content=\"https:\/\/www.facebook.com\/lemcorehab\" \/>\n<meta property=\"article:modified_time\" content=\"2025-05-21T15:03:22+00:00\" \/>\n<meta property=\"og:image\" content=\"https:\/\/lemco.dk\/wp-content\/uploads\/2021\/10\/Active-Hands-Europe.png\" \/>\n\t<meta property=\"og:image:width\" content=\"500\" \/>\n\t<meta property=\"og:image:height\" content=\"500\" \/>\n\t<meta property=\"og:image:type\" content=\"image\/png\" \/>\n<meta name=\"twitter:card\" content=\"summary_large_image\" \/>\n<script type=\"application\/ld+json\" class=\"yoast-schema-graph\">{\"@context\":\"https:\\\/\\\/schema.org\",\"@graph\":[{\"@type\":\"WebPage\",\"@id\":\"https:\\\/\\\/lemco.dk\\\/fr\\\/shop\\\/gant-activehands-pour-main-paralyse-mains\\\/\",\"url\":\"https:\\\/\\\/lemco.dk\\\/fr\\\/shop\\\/gant-activehands-pour-main-paralyse-mains\\\/\",\"name\":\"Gant ActiveHands pour main paralys\u00e9 \\\/ mains - Lemco\",\"isPartOf\":{\"@id\":\"https:\\\/\\\/lemco.dk\\\/fr\\\/#website\"},\"primaryImageOfPage\":{\"@id\":\"https:\\\/\\\/lemco.dk\\\/fr\\\/shop\\\/gant-activehands-pour-main-paralyse-mains\\\/#primaryimage\"},\"image\":{\"@id\":\"https:\\\/\\\/lemco.dk\\\/fr\\\/shop\\\/gant-activehands-pour-main-paralyse-mains\\\/#primaryimage\"},\"thumbnailUrl\":\"https:\\\/\\\/lemco.dk\\\/wp-content\\\/uploads\\\/2021\\\/10\\\/Active-Hands-Europe.png\",\"datePublished\":\"2021-10-04T15:41:23+00:00\",\"dateModified\":\"2025-05-21T15:03:22+00:00\",\"description\":\"Avec ActiveHands, les personnes ayant une main paralys\u00e9e peuvent tenir beaucoup plus facilement des outils, des guidons de v\u00e9lo, etc. Nous sommes l\u2019importateur officiel de ces gants intelligents.\",\"breadcrumb\":{\"@id\":\"https:\\\/\\\/lemco.dk\\\/fr\\\/shop\\\/gant-activehands-pour-main-paralyse-mains\\\/#breadcrumb\"},\"inLanguage\":\"fr-FR\",\"potentialAction\":[{\"@type\":\"ReadAction\",\"target\":[\"https:\\\/\\\/lemco.dk\\\/fr\\\/shop\\\/gant-activehands-pour-main-paralyse-mains\\\/\"]}]},{\"@type\":\"ImageObject\",\"inLanguage\":\"fr-FR\",\"@id\":\"https:\\\/\\\/lemco.dk\\\/fr\\\/shop\\\/gant-activehands-pour-main-paralyse-mains\\\/#primaryimage\",\"url\":\"https:\\\/\\\/lemco.dk\\\/wp-content\\\/uploads\\\/2021\\\/10\\\/Active-Hands-Europe.png\",\"contentUrl\":\"https:\\\/\\\/lemco.dk\\\/wp-content\\\/uploads\\\/2021\\\/10\\\/Active-Hands-Europe.png\",\"width\":500,\"height\":500,\"caption\":\"Active Hands Europe\"},{\"@type\":\"BreadcrumbList\",\"@id\":\"https:\\\/\\\/lemco.dk\\\/fr\\\/shop\\\/gant-activehands-pour-main-paralyse-mains\\\/#breadcrumb\",\"itemListElement\":[{\"@type\":\"ListItem\",\"position\":1,\"name\":\"Forside\",\"item\":\"https:\\\/\\\/lemco.dk\\\/fr\\\/\"},{\"@type\":\"ListItem\",\"position\":2,\"name\":\"Shop\",\"item\":\"https:\\\/\\\/lemco.dk\\\/fr\\\/shop\\\/\"},{\"@type\":\"ListItem\",\"position\":3,\"name\":\"Gant ActiveHands pour main paralys\u00e9 \\\/ mains\"}]},{\"@type\":\"WebSite\",\"@id\":\"https:\\\/\\\/lemco.dk\\\/fr\\\/#website\",\"url\":\"https:\\\/\\\/lemco.dk\\\/fr\\\/\",\"name\":\"Lemco\",\"description\":\"\",\"publisher\":{\"@id\":\"https:\\\/\\\/lemco.dk\\\/fr\\\/#organization\"},\"alternateName\":\"Lemco Mobility Denmark\",\"potentialAction\":[{\"@type\":\"SearchAction\",\"target\":{\"@type\":\"EntryPoint\",\"urlTemplate\":\"https:\\\/\\\/lemco.dk\\\/fr\\\/?s={search_term_string}\"},\"query-input\":{\"@type\":\"PropertyValueSpecification\",\"valueRequired\":true,\"valueName\":\"search_term_string\"}}],\"inLanguage\":\"fr-FR\"},{\"@type\":\"Organization\",\"@id\":\"https:\\\/\\\/lemco.dk\\\/fr\\\/#organization\",\"name\":\"LEMCO Rehab & Fysio\",\"alternateName\":\"Lemco Mobility Denmark\",\"url\":\"https:\\\/\\\/lemco.dk\\\/fr\\\/\",\"logo\":{\"@type\":\"ImageObject\",\"inLanguage\":\"fr-FR\",\"@id\":\"https:\\\/\\\/lemco.dk\\\/fr\\\/#\\\/schema\\\/logo\\\/image\\\/\",\"url\":\"https:\\\/\\\/lemco.dk\\\/wp-content\\\/uploads\\\/2020\\\/07\\\/Lemco-rehab-fysio-logo-120px.png\",\"contentUrl\":\"https:\\\/\\\/lemco.dk\\\/wp-content\\\/uploads\\\/2020\\\/07\\\/Lemco-rehab-fysio-logo-120px.png\",\"width\":120,\"height\":38,\"caption\":\"LEMCO Rehab & Fysio\"},\"image\":{\"@id\":\"https:\\\/\\\/lemco.dk\\\/fr\\\/#\\\/schema\\\/logo\\\/image\\\/\"},\"sameAs\":[\"https:\\\/\\\/www.facebook.com\\\/lemcorehab\",\"https:\\\/\\\/linkedin.com\\\/company\\\/lemco-rehab-fysio\\\/\",\"https:\\\/\\\/www.youtube.com\\\/c\\\/Lemcorehab\"],\"description\":\"We manufacture and sell exercisers for wheelchair use and for exercising in bed during hospital stay. Pedal exercisers that are steady on the floor.\",\"email\":\"info@lemco.dk\",\"telephone\":\"+45 3325 4002\",\"legalName\":\"Lemco Rehab & Fysio ApS\",\"vatID\":\"DK40159916\",\"numberOfEmployees\":{\"@type\":\"QuantitativeValue\",\"minValue\":\"1\",\"maxValue\":\"10\"}}]}<\/script>\n<meta property=\"og:availability\" content=\"instock\" \/>\n<meta property=\"product:availability\" content=\"instock\" \/>\n<meta property=\"product:retailer_item_id\" content=\"ActiveHands\" \/>\n<meta property=\"product:condition\" content=\"new\" \/>\n<!-- \/ Yoast SEO Premium plugin. -->","yoast_head_json":{"title":"Gant ActiveHands pour main paralys\u00e9 \/ mains - Lemco","description":"Avec ActiveHands, les personnes ayant une main paralys\u00e9e peuvent tenir beaucoup plus facilement des outils, des guidons de v\u00e9lo, etc. Nous sommes l\u2019importateur officiel de ces gants intelligents.","robots":{"index":"index","follow":"follow","max-snippet":"max-snippet:-1","max-image-preview":"max-image-preview:large","max-video-preview":"max-video-preview:-1"},"canonical":"https:\/\/lemco.dk\/fr\/shop\/gant-activehands-pour-main-paralyse-mains\/","og_locale":"fr_FR","og_type":"article","og_title":"Gant ActiveHands pour main paralys\u00e9 \/ mains","og_description":"Avec ActiveHands, les personnes ayant une main paralys\u00e9e peuvent tenir beaucoup plus facilement des outils, des guidons de v\u00e9lo, etc. Nous sommes l\u2019importateur officiel de ces gants intelligents.","og_url":"https:\/\/lemco.dk\/fr\/shop\/gant-activehands-pour-main-paralyse-mains\/","og_site_name":"Lemco","article_publisher":"https:\/\/www.facebook.com\/lemcorehab","article_modified_time":"2025-05-21T15:03:22+00:00","og_image":[{"width":500,"height":500,"url":"https:\/\/lemco.dk\/wp-content\/uploads\/2021\/10\/Active-Hands-Europe.png","type":"image\/png"}],"twitter_card":"summary_large_image","schema":{"@context":"https:\/\/schema.org","@graph":[{"@type":"WebPage","@id":"https:\/\/lemco.dk\/fr\/shop\/gant-activehands-pour-main-paralyse-mains\/","url":"https:\/\/lemco.dk\/fr\/shop\/gant-activehands-pour-main-paralyse-mains\/","name":"Gant ActiveHands pour main paralys\u00e9 \/ mains - Lemco","isPartOf":{"@id":"https:\/\/lemco.dk\/fr\/#website"},"primaryImageOfPage":{"@id":"https:\/\/lemco.dk\/fr\/shop\/gant-activehands-pour-main-paralyse-mains\/#primaryimage"},"image":{"@id":"https:\/\/lemco.dk\/fr\/shop\/gant-activehands-pour-main-paralyse-mains\/#primaryimage"},"thumbnailUrl":"https:\/\/lemco.dk\/wp-content\/uploads\/2021\/10\/Active-Hands-Europe.png","datePublished":"2021-10-04T15:41:23+00:00","dateModified":"2025-05-21T15:03:22+00:00","description":"Avec ActiveHands, les personnes ayant une main paralys\u00e9e peuvent tenir beaucoup plus facilement des outils, des guidons de v\u00e9lo, etc. Nous sommes l\u2019importateur officiel de ces gants intelligents.","breadcrumb":{"@id":"https:\/\/lemco.dk\/fr\/shop\/gant-activehands-pour-main-paralyse-mains\/#breadcrumb"},"inLanguage":"fr-FR","potentialAction":[{"@type":"ReadAction","target":["https:\/\/lemco.dk\/fr\/shop\/gant-activehands-pour-main-paralyse-mains\/"]}]},{"@type":"ImageObject","inLanguage":"fr-FR","@id":"https:\/\/lemco.dk\/fr\/shop\/gant-activehands-pour-main-paralyse-mains\/#primaryimage","url":"https:\/\/lemco.dk\/wp-content\/uploads\/2021\/10\/Active-Hands-Europe.png","contentUrl":"https:\/\/lemco.dk\/wp-content\/uploads\/2021\/10\/Active-Hands-Europe.png","width":500,"height":500,"caption":"Active Hands Europe"},{"@type":"BreadcrumbList","@id":"https:\/\/lemco.dk\/fr\/shop\/gant-activehands-pour-main-paralyse-mains\/#breadcrumb","itemListElement":[{"@type":"ListItem","position":1,"name":"Forside","item":"https:\/\/lemco.dk\/fr\/"},{"@type":"ListItem","position":2,"name":"Shop","item":"https:\/\/lemco.dk\/fr\/shop\/"},{"@type":"ListItem","position":3,"name":"Gant ActiveHands pour main paralys\u00e9 \/ mains"}]},{"@type":"WebSite","@id":"https:\/\/lemco.dk\/fr\/#website","url":"https:\/\/lemco.dk\/fr\/","name":"Lemco","description":"","publisher":{"@id":"https:\/\/lemco.dk\/fr\/#organization"},"alternateName":"Lemco Mobility Denmark","potentialAction":[{"@type":"SearchAction","target":{"@type":"EntryPoint","urlTemplate":"https:\/\/lemco.dk\/fr\/?s={search_term_string}"},"query-input":{"@type":"PropertyValueSpecification","valueRequired":true,"valueName":"search_term_string"}}],"inLanguage":"fr-FR"},{"@type":"Organization","@id":"https:\/\/lemco.dk\/fr\/#organization","name":"LEMCO Rehab & Fysio","alternateName":"Lemco Mobility Denmark","url":"https:\/\/lemco.dk\/fr\/","logo":{"@type":"ImageObject","inLanguage":"fr-FR","@id":"https:\/\/lemco.dk\/fr\/#\/schema\/logo\/image\/","url":"https:\/\/lemco.dk\/wp-content\/uploads\/2020\/07\/Lemco-rehab-fysio-logo-120px.png","contentUrl":"https:\/\/lemco.dk\/wp-content\/uploads\/2020\/07\/Lemco-rehab-fysio-logo-120px.png","width":120,"height":38,"caption":"LEMCO Rehab & Fysio"},"image":{"@id":"https:\/\/lemco.dk\/fr\/#\/schema\/logo\/image\/"},"sameAs":["https:\/\/www.facebook.com\/lemcorehab","https:\/\/linkedin.com\/company\/lemco-rehab-fysio\/","https:\/\/www.youtube.com\/c\/Lemcorehab"],"description":"We manufacture and sell exercisers for wheelchair use and for exercising in bed during hospital stay. Pedal exercisers that are steady on the floor.","email":"info@lemco.dk","telephone":"+45 3325 4002","legalName":"Lemco Rehab & Fysio ApS","vatID":"DK40159916","numberOfEmployees":{"@type":"QuantitativeValue","minValue":"1","maxValue":"10"}}]},"og_availability":"instock","product_availability":"instock","product_retailer_item_id":"ActiveHands","product_condition":"new"},"_links":{"self":[{"href":"https:\/\/lemco.dk\/fr\/wp-json\/wp\/v2\/product\/41231","targetHints":{"allow":["GET"]}}],"collection":[{"href":"https:\/\/lemco.dk\/fr\/wp-json\/wp\/v2\/product"}],"about":[{"href":"https:\/\/lemco.dk\/fr\/wp-json\/wp\/v2\/types\/product"}],"replies":[{"embeddable":true,"href":"https:\/\/lemco.dk\/fr\/wp-json\/wp\/v2\/comments?post=41231"}],"wp:featuredmedia":[{"embeddable":true,"href":"https:\/\/lemco.dk\/fr\/wp-json\/wp\/v2\/media\/38887"}],"wp:attachment":[{"href":"https:\/\/lemco.dk\/fr\/wp-json\/wp\/v2\/media?parent=41231"}],"wp:term":[{"taxonomy":"product_brand","embeddable":true,"href":"https:\/\/lemco.dk\/fr\/wp-json\/wp\/v2\/product_brand?post=41231"},{"taxonomy":"product_cat","embeddable":true,"href":"https:\/\/lemco.dk\/fr\/wp-json\/wp\/v2\/product_cat?post=41231"},{"taxonomy":"product_tag","embeddable":true,"href":"https:\/\/lemco.dk\/fr\/wp-json\/wp\/v2\/product_tag?post=41231"}],"curies":[{"name":"wp","href":"https:\/\/api.w.org\/{rel}","templated":true}]}}