{"id":30205,"date":"2020-06-16T15:12:55","date_gmt":"2021-08-23T16:44:28","guid":{"rendered":"https:\/\/lemco.dk\/shop\/cintre-mural-pour-velo-de-lit-lemco\/"},"modified":"2025-04-14T21:49:29","modified_gmt":"2025-04-14T19:49:29","slug":"cintre-mural-pour-velo-de-lit-lemco","status":"publish","type":"product","link":"https:\/\/lemco.dk\/fr\/shop\/cintre-mural-pour-velo-de-lit-lemco\/","title":{"rendered":"Attache mural pour p\u00e9dalier de lit LEMCO"},"content":{"rendered":"<h2><strong>Support Mural pour V\u00e9lo de Lit LEMCO BedBike<\/strong><\/h2>\n<p>Vous pouvez facilement accrocher le BedBike sur le Support Mural.<\/p>\n<p>Lorsqu&#8217;il n&#8217;est pas utilis\u00e9, il est pratique de ranger le BedBike \u00e0 un emplacement fixe. Vous pouvez m\u00eame verrouiller le BedBike au Support Mural avec le kit de verrouillage optionnel.<\/p>\n<p>Vous pouvez placer le BedBike dans un endroit central avec un guide. Ainsi, m\u00eame les proches ou visiteurs peuvent aider leur famille \u00e0 rester active pendant leur s\u00e9jour \u00e0 l&#8217;h\u00f4pital.<\/p>\n<p>En utilisant ce Support Mural, le v\u00e9lo n&#8217;est pas contamin\u00e9 par le fait d&#8217;\u00eatre pos\u00e9 au sol entre les utilisations par diff\u00e9rents patients.<\/p>\n<p>&#8220;Rangez les appareils d&#8217;exercice sur le mur, lorsqu&#8217;ils ne sont pas utilis\u00e9s.&#8221;<\/p>\n<p>Notre BedBike est si simple \u00e0 utiliser que de nombreux patients le montent eux-m\u00eames. Ceci est particuli\u00e8rement facile dans les \u00e9tablissements de dialyse \u00e0 soins limit\u00e9s.<\/p>\n","protected":false},"excerpt":{"rendered":"<p>Le support mural pour le LEMCO BedBike vous permet de suspendre le v\u00e9lo au mur, loin du sol contamin\u00e9. Le support mural assure que l&#8217;appareil d&#8217;exercice n&#8217;occupe pas d&#8217;espace sur des surfaces telles que les tables et r\u00e9duit le risque de chute des tables \u00e0 roulettes.<\/p>\n","protected":false},"featured_media":25859,"comment_status":"open","ping_status":"closed","template":"","meta":{"content-type":""},"product_brand":[],"product_cat":[2800],"product_tag":[],"class_list":{"0":"post-30205","1":"product","2":"type-product","3":"status-publish","4":"has-post-thumbnail","6":"product_cat-accessoires","8":"first","9":"instock","10":"taxable","11":"shipping-taxable","12":"purchasable","13":"product-type-variable","14":"has-default-attributes"},"yoast_head":"<!-- This site is optimized with the Yoast SEO Premium plugin v27.3 (Yoast SEO v27.3) - https:\/\/yoast.com\/product\/yoast-seo-premium-wordpress\/ -->\n<title>Attache mural pour p\u00e9dalier de lit LEMCO - Lemco<\/title>\n<meta name=\"description\" content=\"Attaches murale pour LEMCO BedBike, de sorte que le v\u00e9lo ne r\u00e9side pas sur le sol entre les lits.\" \/>\n<meta name=\"robots\" content=\"index, follow, max-snippet:-1, max-image-preview:large, max-video-preview:-1\" \/>\n<link rel=\"canonical\" href=\"https:\/\/lemco.dk\/fr\/shop\/cintre-mural-pour-velo-de-lit-lemco\/\" \/>\n<meta property=\"og:locale\" content=\"fr_FR\" \/>\n<meta property=\"og:type\" content=\"article\" \/>\n<meta property=\"og:title\" content=\"Attache mural pour p\u00e9dalier de lit LEMCO\" \/>\n<meta property=\"og:description\" content=\"Attaches murale pour LEMCO BedBike, de sorte que le v\u00e9lo ne r\u00e9side pas sur le sol entre les lits.\" \/>\n<meta property=\"og:url\" content=\"https:\/\/lemco.dk\/fr\/shop\/cintre-mural-pour-velo-de-lit-lemco\/\" \/>\n<meta property=\"og:site_name\" content=\"Lemco\" \/>\n<meta property=\"article:publisher\" content=\"https:\/\/www.facebook.com\/lemcorehab\" \/>\n<meta property=\"article:modified_time\" content=\"2025-04-14T19:49:29+00:00\" \/>\n<meta property=\"og:image\" content=\"https:\/\/lemco.dk\/wp-content\/uploads\/2020\/06\/Sengecykel-p\u00e5-v\u00e6g-lemco.jpg\" \/>\n\t<meta property=\"og:image:width\" content=\"800\" \/>\n\t<meta property=\"og:image:height\" content=\"800\" \/>\n\t<meta property=\"og:image:type\" content=\"image\/jpeg\" \/>\n<meta name=\"twitter:card\" content=\"summary_large_image\" \/>\n<script type=\"application\/ld+json\" class=\"yoast-schema-graph\">{\"@context\":\"https:\\\/\\\/schema.org\",\"@graph\":[{\"@type\":\"WebPage\",\"@id\":\"https:\\\/\\\/lemco.dk\\\/fr\\\/shop\\\/cintre-mural-pour-velo-de-lit-lemco\\\/\",\"url\":\"https:\\\/\\\/lemco.dk\\\/fr\\\/shop\\\/cintre-mural-pour-velo-de-lit-lemco\\\/\",\"name\":\"Attache mural pour p\u00e9dalier de lit LEMCO - Lemco\",\"isPartOf\":{\"@id\":\"https:\\\/\\\/lemco.dk\\\/fr\\\/#website\"},\"primaryImageOfPage\":{\"@id\":\"https:\\\/\\\/lemco.dk\\\/fr\\\/shop\\\/cintre-mural-pour-velo-de-lit-lemco\\\/#primaryimage\"},\"image\":{\"@id\":\"https:\\\/\\\/lemco.dk\\\/fr\\\/shop\\\/cintre-mural-pour-velo-de-lit-lemco\\\/#primaryimage\"},\"thumbnailUrl\":\"https:\\\/\\\/lemco.dk\\\/wp-content\\\/uploads\\\/2020\\\/06\\\/Sengecykel-p\u00e5-v\u00e6g-lemco.jpg\",\"datePublished\":\"2021-08-23T16:44:28+00:00\",\"dateModified\":\"2025-04-14T19:49:29+00:00\",\"description\":\"Attaches murale pour LEMCO BedBike, de sorte que le v\u00e9lo ne r\u00e9side pas sur le sol entre les lits.\",\"breadcrumb\":{\"@id\":\"https:\\\/\\\/lemco.dk\\\/fr\\\/shop\\\/cintre-mural-pour-velo-de-lit-lemco\\\/#breadcrumb\"},\"inLanguage\":\"fr-FR\",\"potentialAction\":[{\"@type\":\"ReadAction\",\"target\":[\"https:\\\/\\\/lemco.dk\\\/fr\\\/shop\\\/cintre-mural-pour-velo-de-lit-lemco\\\/\"]}]},{\"@type\":\"ImageObject\",\"inLanguage\":\"fr-FR\",\"@id\":\"https:\\\/\\\/lemco.dk\\\/fr\\\/shop\\\/cintre-mural-pour-velo-de-lit-lemco\\\/#primaryimage\",\"url\":\"https:\\\/\\\/lemco.dk\\\/wp-content\\\/uploads\\\/2020\\\/06\\\/Sengecykel-p\u00e5-v\u00e6g-lemco.jpg\",\"contentUrl\":\"https:\\\/\\\/lemco.dk\\\/wp-content\\\/uploads\\\/2020\\\/06\\\/Sengecykel-p\u00e5-v\u00e6g-lemco.jpg\",\"width\":800,\"height\":800,\"caption\":\"Attache mural pour BedBike\"},{\"@type\":\"BreadcrumbList\",\"@id\":\"https:\\\/\\\/lemco.dk\\\/fr\\\/shop\\\/cintre-mural-pour-velo-de-lit-lemco\\\/#breadcrumb\",\"itemListElement\":[{\"@type\":\"ListItem\",\"position\":1,\"name\":\"Forside\",\"item\":\"https:\\\/\\\/lemco.dk\\\/fr\\\/\"},{\"@type\":\"ListItem\",\"position\":2,\"name\":\"Shop\",\"item\":\"https:\\\/\\\/lemco.dk\\\/fr\\\/shop\\\/\"},{\"@type\":\"ListItem\",\"position\":3,\"name\":\"Attache mural pour p\u00e9dalier de lit LEMCO\"}]},{\"@type\":\"WebSite\",\"@id\":\"https:\\\/\\\/lemco.dk\\\/fr\\\/#website\",\"url\":\"https:\\\/\\\/lemco.dk\\\/fr\\\/\",\"name\":\"Lemco\",\"description\":\"\",\"publisher\":{\"@id\":\"https:\\\/\\\/lemco.dk\\\/fr\\\/#organization\"},\"alternateName\":\"Lemco Mobility Denmark\",\"potentialAction\":[{\"@type\":\"SearchAction\",\"target\":{\"@type\":\"EntryPoint\",\"urlTemplate\":\"https:\\\/\\\/lemco.dk\\\/fr\\\/?s={search_term_string}\"},\"query-input\":{\"@type\":\"PropertyValueSpecification\",\"valueRequired\":true,\"valueName\":\"search_term_string\"}}],\"inLanguage\":\"fr-FR\"},{\"@type\":\"Organization\",\"@id\":\"https:\\\/\\\/lemco.dk\\\/fr\\\/#organization\",\"name\":\"LEMCO Rehab & Fysio\",\"alternateName\":\"Lemco Mobility Denmark\",\"url\":\"https:\\\/\\\/lemco.dk\\\/fr\\\/\",\"logo\":{\"@type\":\"ImageObject\",\"inLanguage\":\"fr-FR\",\"@id\":\"https:\\\/\\\/lemco.dk\\\/fr\\\/#\\\/schema\\\/logo\\\/image\\\/\",\"url\":\"https:\\\/\\\/lemco.dk\\\/wp-content\\\/uploads\\\/2020\\\/07\\\/Lemco-rehab-fysio-logo-120px.png\",\"contentUrl\":\"https:\\\/\\\/lemco.dk\\\/wp-content\\\/uploads\\\/2020\\\/07\\\/Lemco-rehab-fysio-logo-120px.png\",\"width\":120,\"height\":38,\"caption\":\"LEMCO Rehab & Fysio\"},\"image\":{\"@id\":\"https:\\\/\\\/lemco.dk\\\/fr\\\/#\\\/schema\\\/logo\\\/image\\\/\"},\"sameAs\":[\"https:\\\/\\\/www.facebook.com\\\/lemcorehab\",\"https:\\\/\\\/linkedin.com\\\/company\\\/lemco-rehab-fysio\\\/\",\"https:\\\/\\\/www.youtube.com\\\/c\\\/Lemcorehab\"],\"description\":\"We manufacture and sell exercisers for wheelchair use and for exercising in bed during hospital stay. Pedal exercisers that are steady on the floor.\",\"email\":\"info@lemco.dk\",\"telephone\":\"+45 3325 4002\",\"legalName\":\"Lemco Rehab & Fysio ApS\",\"vatID\":\"DK40159916\",\"numberOfEmployees\":{\"@type\":\"QuantitativeValue\",\"minValue\":\"1\",\"maxValue\":\"10\"}}]}<\/script>\n<meta property=\"og:availability\" content=\"instock\" \/>\n<meta property=\"product:availability\" content=\"instock\" \/>\n<meta property=\"product:retailer_item_id\" content=\"VBB1010\" \/>\n<meta property=\"product:condition\" content=\"new\" \/>\n<!-- \/ Yoast SEO Premium plugin. -->","yoast_head_json":{"title":"Attache mural pour p\u00e9dalier de lit LEMCO - Lemco","description":"Attaches murale pour LEMCO BedBike, de sorte que le v\u00e9lo ne r\u00e9side pas sur le sol entre les lits.","robots":{"index":"index","follow":"follow","max-snippet":"max-snippet:-1","max-image-preview":"max-image-preview:large","max-video-preview":"max-video-preview:-1"},"canonical":"https:\/\/lemco.dk\/fr\/shop\/cintre-mural-pour-velo-de-lit-lemco\/","og_locale":"fr_FR","og_type":"article","og_title":"Attache mural pour p\u00e9dalier de lit LEMCO","og_description":"Attaches murale pour LEMCO BedBike, de sorte que le v\u00e9lo ne r\u00e9side pas sur le sol entre les lits.","og_url":"https:\/\/lemco.dk\/fr\/shop\/cintre-mural-pour-velo-de-lit-lemco\/","og_site_name":"Lemco","article_publisher":"https:\/\/www.facebook.com\/lemcorehab","article_modified_time":"2025-04-14T19:49:29+00:00","og_image":[{"width":800,"height":800,"url":"https:\/\/lemco.dk\/wp-content\/uploads\/2020\/06\/Sengecykel-p\u00e5-v\u00e6g-lemco.jpg","type":"image\/jpeg"}],"twitter_card":"summary_large_image","schema":{"@context":"https:\/\/schema.org","@graph":[{"@type":"WebPage","@id":"https:\/\/lemco.dk\/fr\/shop\/cintre-mural-pour-velo-de-lit-lemco\/","url":"https:\/\/lemco.dk\/fr\/shop\/cintre-mural-pour-velo-de-lit-lemco\/","name":"Attache mural pour p\u00e9dalier de lit LEMCO - Lemco","isPartOf":{"@id":"https:\/\/lemco.dk\/fr\/#website"},"primaryImageOfPage":{"@id":"https:\/\/lemco.dk\/fr\/shop\/cintre-mural-pour-velo-de-lit-lemco\/#primaryimage"},"image":{"@id":"https:\/\/lemco.dk\/fr\/shop\/cintre-mural-pour-velo-de-lit-lemco\/#primaryimage"},"thumbnailUrl":"https:\/\/lemco.dk\/wp-content\/uploads\/2020\/06\/Sengecykel-p\u00e5-v\u00e6g-lemco.jpg","datePublished":"2021-08-23T16:44:28+00:00","dateModified":"2025-04-14T19:49:29+00:00","description":"Attaches murale pour LEMCO BedBike, de sorte que le v\u00e9lo ne r\u00e9side pas sur le sol entre les lits.","breadcrumb":{"@id":"https:\/\/lemco.dk\/fr\/shop\/cintre-mural-pour-velo-de-lit-lemco\/#breadcrumb"},"inLanguage":"fr-FR","potentialAction":[{"@type":"ReadAction","target":["https:\/\/lemco.dk\/fr\/shop\/cintre-mural-pour-velo-de-lit-lemco\/"]}]},{"@type":"ImageObject","inLanguage":"fr-FR","@id":"https:\/\/lemco.dk\/fr\/shop\/cintre-mural-pour-velo-de-lit-lemco\/#primaryimage","url":"https:\/\/lemco.dk\/wp-content\/uploads\/2020\/06\/Sengecykel-p\u00e5-v\u00e6g-lemco.jpg","contentUrl":"https:\/\/lemco.dk\/wp-content\/uploads\/2020\/06\/Sengecykel-p\u00e5-v\u00e6g-lemco.jpg","width":800,"height":800,"caption":"Attache mural pour BedBike"},{"@type":"BreadcrumbList","@id":"https:\/\/lemco.dk\/fr\/shop\/cintre-mural-pour-velo-de-lit-lemco\/#breadcrumb","itemListElement":[{"@type":"ListItem","position":1,"name":"Forside","item":"https:\/\/lemco.dk\/fr\/"},{"@type":"ListItem","position":2,"name":"Shop","item":"https:\/\/lemco.dk\/fr\/shop\/"},{"@type":"ListItem","position":3,"name":"Attache mural pour p\u00e9dalier de lit LEMCO"}]},{"@type":"WebSite","@id":"https:\/\/lemco.dk\/fr\/#website","url":"https:\/\/lemco.dk\/fr\/","name":"Lemco","description":"","publisher":{"@id":"https:\/\/lemco.dk\/fr\/#organization"},"alternateName":"Lemco Mobility Denmark","potentialAction":[{"@type":"SearchAction","target":{"@type":"EntryPoint","urlTemplate":"https:\/\/lemco.dk\/fr\/?s={search_term_string}"},"query-input":{"@type":"PropertyValueSpecification","valueRequired":true,"valueName":"search_term_string"}}],"inLanguage":"fr-FR"},{"@type":"Organization","@id":"https:\/\/lemco.dk\/fr\/#organization","name":"LEMCO Rehab & Fysio","alternateName":"Lemco Mobility Denmark","url":"https:\/\/lemco.dk\/fr\/","logo":{"@type":"ImageObject","inLanguage":"fr-FR","@id":"https:\/\/lemco.dk\/fr\/#\/schema\/logo\/image\/","url":"https:\/\/lemco.dk\/wp-content\/uploads\/2020\/07\/Lemco-rehab-fysio-logo-120px.png","contentUrl":"https:\/\/lemco.dk\/wp-content\/uploads\/2020\/07\/Lemco-rehab-fysio-logo-120px.png","width":120,"height":38,"caption":"LEMCO Rehab & Fysio"},"image":{"@id":"https:\/\/lemco.dk\/fr\/#\/schema\/logo\/image\/"},"sameAs":["https:\/\/www.facebook.com\/lemcorehab","https:\/\/linkedin.com\/company\/lemco-rehab-fysio\/","https:\/\/www.youtube.com\/c\/Lemcorehab"],"description":"We manufacture and sell exercisers for wheelchair use and for exercising in bed during hospital stay. Pedal exercisers that are steady on the floor.","email":"info@lemco.dk","telephone":"+45 3325 4002","legalName":"Lemco Rehab & Fysio ApS","vatID":"DK40159916","numberOfEmployees":{"@type":"QuantitativeValue","minValue":"1","maxValue":"10"}}]},"og_availability":"instock","product_availability":"instock","product_retailer_item_id":"VBB1010","product_condition":"new"},"_links":{"self":[{"href":"https:\/\/lemco.dk\/fr\/wp-json\/wp\/v2\/product\/30205","targetHints":{"allow":["GET"]}}],"collection":[{"href":"https:\/\/lemco.dk\/fr\/wp-json\/wp\/v2\/product"}],"about":[{"href":"https:\/\/lemco.dk\/fr\/wp-json\/wp\/v2\/types\/product"}],"replies":[{"embeddable":true,"href":"https:\/\/lemco.dk\/fr\/wp-json\/wp\/v2\/comments?post=30205"}],"wp:featuredmedia":[{"embeddable":true,"href":"https:\/\/lemco.dk\/fr\/wp-json\/wp\/v2\/media\/25859"}],"wp:attachment":[{"href":"https:\/\/lemco.dk\/fr\/wp-json\/wp\/v2\/media?parent=30205"}],"wp:term":[{"taxonomy":"product_brand","embeddable":true,"href":"https:\/\/lemco.dk\/fr\/wp-json\/wp\/v2\/product_brand?post=30205"},{"taxonomy":"product_cat","embeddable":true,"href":"https:\/\/lemco.dk\/fr\/wp-json\/wp\/v2\/product_cat?post=30205"},{"taxonomy":"product_tag","embeddable":true,"href":"https:\/\/lemco.dk\/fr\/wp-json\/wp\/v2\/product_tag?post=30205"}],"curies":[{"name":"wp","href":"https:\/\/api.w.org\/{rel}","templated":true}]}}