{"id":29240,"date":"2020-06-16T15:10:12","date_gmt":"2020-06-16T13:10:12","guid":{"rendered":"https:\/\/lemco.dk\/shop\/flexyfoot-embout-de-canne-amortisant\/"},"modified":"2025-08-14T11:17:11","modified_gmt":"2025-08-14T09:17:11","slug":"flexyfoot-embout-de-canne-amortisant","status":"publish","type":"product","link":"https:\/\/lemco.dk\/fr\/shop\/flexyfoot-embout-de-canne-amortisant\/","title":{"rendered":"FlexyFoot embout de canne qui absorbe des chocs  &#8211; Antid\u00e9rapant"},"content":{"rendered":"<div class=\"wpb-content-wrapper\"><p>[vc_row][vc_column][vc_custom_heading text=&#8221;Flexyfoot Embout pour cannes anglaise avec amortissant&#8221; google_fonts=&#8221;font_family:Roboto%3A100%2C100italic%2C300%2C300italic%2Cregular%2Citalic%2C500%2C500italic%2C700%2C700italic%2C900%2C900italic|font_style:700%20bold%20regular%3A700%3Anormal&#8221;][vc_column_text text_larger=&#8221;no&#8221;]Reduit les douleurs des mains et des epaules.[\/vc_column_text][vc_custom_heading text=&#8221;Convient a des cannes anglaises de differentes grosseurs.&#8221; google_fonts=&#8221;font_family:Roboto%3A100%2C100italic%2C300%2C300italic%2Cregular%2Citalic%2C500%2C500italic%2C700%2C700italic%2C900%2C900italic|font_style:700%20bold%20regular%3A700%3Anormal&#8221;][vc_column_text text_larger=&#8221;no&#8221; woodmart_inline=&#8221;no&#8221;]Choissez la grosser qui convient a votre canne <strong>19 mm sont la grosseur pour les cannes ergodynamic<\/strong><\/p>\n<p>La combinaison des cannes ergodynamic et les Flexyfoot est geniale Moins de douleur<\/p>\n<p><strong>Jusque \u00e1 130 kg de poids d\u00b4utilisateur<\/strong> Bagues en cautchouc sont livr\u00e9 avec. Se mets sur la partie orange.<\/p>\n<p><strong>Pour <a href=\"https:\/\/lemco.dk\/fr\/shop\/ergodynamic-canne-anglaise\/\" target=\"_blank\" rel=\"noopener noreferrer\">Ergodynamic canne utilisez<\/a> 19mm FlexyFoot.<\/strong>[\/vc_column_text][vc_custom_heading text=&#8221;Efficasse sur le carrelage.&#8221; google_fonts=&#8221;font_family:Roboto%3A100%2C100italic%2C300%2C300italic%2Cregular%2Citalic%2C500%2C500italic%2C700%2C700italic%2C900%2C900italic|font_style:700%20bold%20regular%3A700%3Anormal&#8221;][vc_column_text text_larger=&#8221;no&#8221;]&#8221;anti-glisse&#8221; n\u00b4est pas possible, mais ca tien beaucoup mieux sur des surfaces lisses que autres embouts de canne.<\/p>\n<p><strong>Bon sur des surfaces lisse<\/strong><\/p>\n<p>Enleve l\u00b4incertitude de marcher avec des cannes.<\/p>\n<p>FlexyFoot er udviklet specielt til at krykke foden st\u00e5r bedre fast p\u00e5 netop glatte gulve.<\/p>\n<p>Pouqui est FlexyFoot meilleur que les autres embouts de canne ?[\/vc_column_text][vc_custom_heading text=&#8221;Toute la surface touche la terre&#8221; google_fonts=&#8221;font_family:Roboto%3A100%2C100italic%2C300%2C300italic%2Cregular%2Citalic%2C500%2C500italic%2C700%2C700italic%2C900%2C900italic|font_style:700%20bold%20regular%3A700%3Anormal&#8221;][vc_column_text text_larger=&#8221;no&#8221;]FlexyFoot L\u00b4embout peut tourner 360 Degrees pour pl\u00fbs de libert\u00e9<\/p>\n<p><strong>Les embouts se tient souvent plus que 12 mois<\/strong><\/p>\n<p>Comme avec les chaussures, depensez un peu plus et la qualit\u00e9 se recompense.[\/vc_column_text][vc_custom_heading text=&#8221;Flexyfoot facile a tenir propre&#8221; google_fonts=&#8221;font_family:Roboto%3A100%2C100italic%2C300%2C300italic%2Cregular%2Citalic%2C500%2C500italic%2C700%2C700italic%2C900%2C900italic|font_style:700%20bold%20regular%3A700%3Anormal&#8221;][vc_column_text text_larger=&#8221;no&#8221;]Pl\u00fbs facile a marcher sur des pierres et surface non stable.<\/p>\n<p>Changez seulement l\u00b4embout (et toute le FlexyFoot chaque 3 fois)[\/vc_column_text][vc_custom_heading text=&#8221;FlexyFoot une longue duree de vie&#8221; google_fonts=&#8221;font_family:Roboto%3A100%2C100italic%2C300%2C300italic%2Cregular%2Citalic%2C500%2C500italic%2C700%2C700italic%2C900%2C900italic|font_style:700%20bold%20regular%3A700%3Anormal&#8221;][vc_column_text text_larger=&#8221;no&#8221;]Se tient beaucoup plus longtemps que des embouts ordinare<\/p>\n<p>J\u00b4ai des clients ou les embouts functionnent durant une ann\u00e9e, les aures \u00e9tait chang\u00e9 chaque 3 jour ( je sais que c\u00b4est extreme) mais ca montre que ca dure.<\/p>\n<p>Vous sauves des dizaines euro par ans si vous choissisez le flexyfoot.<\/p>\n<p><strong>Nous importons directement du producteur Qualit\u00e9 &#8211; Chaque fois<\/strong>[\/vc_column_text][\/vc_column][\/vc_row]<\/p>\n<\/div>","protected":false},"excerpt":{"rendered":"<p><strong>FlexyFoot Embout de canne pour remplacer des embouts usees<\/strong><\/p>\n<p>Que des benefices quand on change des embouts normale pour les Flexyfoot<\/p>\n<p><strong>Que la version orginale de FlexyFoot<\/strong><\/p>\n<ol>\n<li>Pour une marche pl\u00fbs secure<\/li>\n<li>Des marches plus long<\/li>\n<li>On va mieux sur les escaliers avec FlexyFoot<\/li>\n<li>Une marche pl\u00fbs droit<\/li>\n<li>Moins de risque de glisser sur ses surfaces lisses<\/li>\n<li>Reduit les forces mikro du sol.<\/li>\n<li>Mons de &#8220;click&#8221; avec flexyFoot<\/li>\n<li>Possible de mettre des piques pour marcher dans de le neige \/ sur des surfaces glacieux.<\/li>\n<li>Moin d\u00b4usure compar\u00e9 avec les embouts standard<\/li>\n<li>Develop\u00e9 en angleterre<\/li>\n<\/ol>\n<p>Ce sont les experiences d\u00b4un peu de nos clients qui ont choissi FlexyFoot<\/p>\n<p>des bagues en caoutchouc sont fournis, pour les personnes ampit\u00e9es pour un peu moins de souplesse. Reduit un peu l\u00b4amortissement<\/p>\n<p><strong>Note: montez des piques glace \/ neige <a href=\"https:\/\/lemco.dk\/shop\/ispig-til-flexyfoot-krykstok-dupsko\/\" target=\"_blank\" rel=\"noopener noreferrer\">FlexyFoot Glace \/ Neige<\/a><\/strong><\/p>\n<p>Prix. Par piece.<\/p>\n<p><strong>Beaucoup de fois meilleur que les embout ordinaire<\/strong><\/p>\n","protected":false},"featured_media":29248,"comment_status":"open","ping_status":"closed","template":"","meta":{"content-type":""},"product_brand":[],"product_cat":[2800],"product_tag":[7026,6971],"class_list":{"0":"post-29240","1":"product","2":"type-product","3":"status-publish","4":"has-post-thumbnail","6":"product_cat-accessoires","7":"product_tag-embouts-de-canne-qui-absorbe-les-chocs-de-la-terre-dans-le-bequille","8":"product_tag-flexyfoot-embout-de-canne-amortissant-noir","10":"first","11":"instock","12":"taxable","13":"shipping-taxable","14":"purchasable","15":"product-type-variable","16":"has-default-attributes"},"yoast_head":"<!-- This site is optimized with the Yoast SEO Premium plugin v27.3 (Yoast SEO v27.3) - https:\/\/yoast.com\/product\/yoast-seo-premium-wordpress\/ -->\n<title>FlexyFoot embout de canne qui absorbe des chocs - Antid\u00e9rapant<\/title>\n<meta name=\"description\" content=\"FlexyFoot embout qui absorbe les chocs de la terre dans la main de la b\u00e9quille et soulage les \u00e9paules et les bras et r\u00e9duit les micro-chocs qui accompagnent la marche avec des b\u00e9quilles\" \/>\n<meta name=\"robots\" content=\"index, follow, max-snippet:-1, max-image-preview:large, max-video-preview:-1\" \/>\n<link rel=\"canonical\" href=\"https:\/\/lemco.dk\/fr\/shop\/flexyfoot-embout-de-canne-amortisant\/\" \/>\n<meta property=\"og:locale\" content=\"fr_FR\" \/>\n<meta property=\"og:type\" content=\"article\" \/>\n<meta property=\"og:title\" content=\"FlexyFoot embout de canne qui absorbe des chocs - Antid\u00e9rapant\" \/>\n<meta property=\"og:description\" content=\"FlexyFoot embout qui absorbe les chocs de la terre dans la main de la b\u00e9quille et soulage les \u00e9paules et les bras et r\u00e9duit les micro-chocs qui accompagnent la marche avec des b\u00e9quilles\" \/>\n<meta property=\"og:url\" content=\"https:\/\/lemco.dk\/fr\/shop\/flexyfoot-embout-de-canne-amortisant\/\" \/>\n<meta property=\"og:site_name\" content=\"Lemco\" \/>\n<meta property=\"article:publisher\" content=\"https:\/\/www.facebook.com\/lemcorehab\" \/>\n<meta property=\"article:modified_time\" content=\"2025-08-14T09:17:11+00:00\" \/>\n<meta property=\"og:image\" content=\"https:\/\/lemco.dk\/wp-content\/uploads\/2020\/06\/Gummidut-til-krykke.jpg\" \/>\n\t<meta property=\"og:image:width\" content=\"800\" \/>\n\t<meta property=\"og:image:height\" content=\"800\" \/>\n\t<meta property=\"og:image:type\" content=\"image\/jpeg\" \/>\n<meta name=\"twitter:card\" content=\"summary_large_image\" \/>\n<script type=\"application\/ld+json\" class=\"yoast-schema-graph\">{\"@context\":\"https:\\\/\\\/schema.org\",\"@graph\":[{\"@type\":\"WebPage\",\"@id\":\"https:\\\/\\\/lemco.dk\\\/fr\\\/shop\\\/flexyfoot-embout-de-canne-amortisant\\\/\",\"url\":\"https:\\\/\\\/lemco.dk\\\/fr\\\/shop\\\/flexyfoot-embout-de-canne-amortisant\\\/\",\"name\":\"FlexyFoot embout de canne qui absorbe des chocs - Antid\u00e9rapant\",\"isPartOf\":{\"@id\":\"https:\\\/\\\/lemco.dk\\\/fr\\\/#website\"},\"primaryImageOfPage\":{\"@id\":\"https:\\\/\\\/lemco.dk\\\/fr\\\/shop\\\/flexyfoot-embout-de-canne-amortisant\\\/#primaryimage\"},\"image\":{\"@id\":\"https:\\\/\\\/lemco.dk\\\/fr\\\/shop\\\/flexyfoot-embout-de-canne-amortisant\\\/#primaryimage\"},\"thumbnailUrl\":\"https:\\\/\\\/lemco.dk\\\/wp-content\\\/uploads\\\/2020\\\/06\\\/Gummidut-til-krykke.jpg\",\"datePublished\":\"2020-06-16T13:10:12+00:00\",\"dateModified\":\"2025-08-14T09:17:11+00:00\",\"description\":\"FlexyFoot embout qui absorbe les chocs de la terre dans la main de la b\u00e9quille et soulage les \u00e9paules et les bras et r\u00e9duit les micro-chocs qui accompagnent la marche avec des b\u00e9quilles\",\"breadcrumb\":{\"@id\":\"https:\\\/\\\/lemco.dk\\\/fr\\\/shop\\\/flexyfoot-embout-de-canne-amortisant\\\/#breadcrumb\"},\"inLanguage\":\"fr-FR\",\"potentialAction\":[{\"@type\":\"ReadAction\",\"target\":[\"https:\\\/\\\/lemco.dk\\\/fr\\\/shop\\\/flexyfoot-embout-de-canne-amortisant\\\/\"]}]},{\"@type\":\"ImageObject\",\"inLanguage\":\"fr-FR\",\"@id\":\"https:\\\/\\\/lemco.dk\\\/fr\\\/shop\\\/flexyfoot-embout-de-canne-amortisant\\\/#primaryimage\",\"url\":\"https:\\\/\\\/lemco.dk\\\/wp-content\\\/uploads\\\/2020\\\/06\\\/Gummidut-til-krykke.jpg\",\"contentUrl\":\"https:\\\/\\\/lemco.dk\\\/wp-content\\\/uploads\\\/2020\\\/06\\\/Gummidut-til-krykke.jpg\",\"width\":800,\"height\":800,\"caption\":\"FlexyFoot-embout-en-caoutchouc amortisant\"},{\"@type\":\"BreadcrumbList\",\"@id\":\"https:\\\/\\\/lemco.dk\\\/fr\\\/shop\\\/flexyfoot-embout-de-canne-amortisant\\\/#breadcrumb\",\"itemListElement\":[{\"@type\":\"ListItem\",\"position\":1,\"name\":\"Forside\",\"item\":\"https:\\\/\\\/lemco.dk\\\/fr\\\/\"},{\"@type\":\"ListItem\",\"position\":2,\"name\":\"Shop\",\"item\":\"https:\\\/\\\/lemco.dk\\\/fr\\\/shop\\\/\"},{\"@type\":\"ListItem\",\"position\":3,\"name\":\"FlexyFoot embout de canne qui absorbe des chocs &#8211; Antid\u00e9rapant\"}]},{\"@type\":\"WebSite\",\"@id\":\"https:\\\/\\\/lemco.dk\\\/fr\\\/#website\",\"url\":\"https:\\\/\\\/lemco.dk\\\/fr\\\/\",\"name\":\"Lemco\",\"description\":\"\",\"publisher\":{\"@id\":\"https:\\\/\\\/lemco.dk\\\/fr\\\/#organization\"},\"alternateName\":\"Lemco Mobility Denmark\",\"potentialAction\":[{\"@type\":\"SearchAction\",\"target\":{\"@type\":\"EntryPoint\",\"urlTemplate\":\"https:\\\/\\\/lemco.dk\\\/fr\\\/?s={search_term_string}\"},\"query-input\":{\"@type\":\"PropertyValueSpecification\",\"valueRequired\":true,\"valueName\":\"search_term_string\"}}],\"inLanguage\":\"fr-FR\"},{\"@type\":\"Organization\",\"@id\":\"https:\\\/\\\/lemco.dk\\\/fr\\\/#organization\",\"name\":\"LEMCO Rehab & Fysio\",\"alternateName\":\"Lemco Mobility Denmark\",\"url\":\"https:\\\/\\\/lemco.dk\\\/fr\\\/\",\"logo\":{\"@type\":\"ImageObject\",\"inLanguage\":\"fr-FR\",\"@id\":\"https:\\\/\\\/lemco.dk\\\/fr\\\/#\\\/schema\\\/logo\\\/image\\\/\",\"url\":\"https:\\\/\\\/lemco.dk\\\/wp-content\\\/uploads\\\/2020\\\/07\\\/Lemco-rehab-fysio-logo-120px.png\",\"contentUrl\":\"https:\\\/\\\/lemco.dk\\\/wp-content\\\/uploads\\\/2020\\\/07\\\/Lemco-rehab-fysio-logo-120px.png\",\"width\":120,\"height\":38,\"caption\":\"LEMCO Rehab & Fysio\"},\"image\":{\"@id\":\"https:\\\/\\\/lemco.dk\\\/fr\\\/#\\\/schema\\\/logo\\\/image\\\/\"},\"sameAs\":[\"https:\\\/\\\/www.facebook.com\\\/lemcorehab\",\"https:\\\/\\\/linkedin.com\\\/company\\\/lemco-rehab-fysio\\\/\",\"https:\\\/\\\/www.youtube.com\\\/c\\\/Lemcorehab\"],\"description\":\"We manufacture and sell exercisers for wheelchair use and for exercising in bed during hospital stay. Pedal exercisers that are steady on the floor.\",\"email\":\"info@lemco.dk\",\"telephone\":\"+45 3325 4002\",\"legalName\":\"Lemco Rehab & Fysio ApS\",\"vatID\":\"DK40159916\",\"numberOfEmployees\":{\"@type\":\"QuantitativeValue\",\"minValue\":\"1\",\"maxValue\":\"10\"}}]}<\/script>\n<meta property=\"og:availability\" content=\"instock\" \/>\n<meta property=\"product:availability\" content=\"instock\" \/>\n<meta property=\"product:condition\" content=\"new\" \/>\n<!-- \/ Yoast SEO Premium plugin. -->","yoast_head_json":{"title":"FlexyFoot embout de canne qui absorbe des chocs - Antid\u00e9rapant","description":"FlexyFoot embout qui absorbe les chocs de la terre dans la main de la b\u00e9quille et soulage les \u00e9paules et les bras et r\u00e9duit les micro-chocs qui accompagnent la marche avec des b\u00e9quilles","robots":{"index":"index","follow":"follow","max-snippet":"max-snippet:-1","max-image-preview":"max-image-preview:large","max-video-preview":"max-video-preview:-1"},"canonical":"https:\/\/lemco.dk\/fr\/shop\/flexyfoot-embout-de-canne-amortisant\/","og_locale":"fr_FR","og_type":"article","og_title":"FlexyFoot embout de canne qui absorbe des chocs - Antid\u00e9rapant","og_description":"FlexyFoot embout qui absorbe les chocs de la terre dans la main de la b\u00e9quille et soulage les \u00e9paules et les bras et r\u00e9duit les micro-chocs qui accompagnent la marche avec des b\u00e9quilles","og_url":"https:\/\/lemco.dk\/fr\/shop\/flexyfoot-embout-de-canne-amortisant\/","og_site_name":"Lemco","article_publisher":"https:\/\/www.facebook.com\/lemcorehab","article_modified_time":"2025-08-14T09:17:11+00:00","og_image":[{"width":800,"height":800,"url":"https:\/\/lemco.dk\/wp-content\/uploads\/2020\/06\/Gummidut-til-krykke.jpg","type":"image\/jpeg"}],"twitter_card":"summary_large_image","schema":{"@context":"https:\/\/schema.org","@graph":[{"@type":"WebPage","@id":"https:\/\/lemco.dk\/fr\/shop\/flexyfoot-embout-de-canne-amortisant\/","url":"https:\/\/lemco.dk\/fr\/shop\/flexyfoot-embout-de-canne-amortisant\/","name":"FlexyFoot embout de canne qui absorbe des chocs - Antid\u00e9rapant","isPartOf":{"@id":"https:\/\/lemco.dk\/fr\/#website"},"primaryImageOfPage":{"@id":"https:\/\/lemco.dk\/fr\/shop\/flexyfoot-embout-de-canne-amortisant\/#primaryimage"},"image":{"@id":"https:\/\/lemco.dk\/fr\/shop\/flexyfoot-embout-de-canne-amortisant\/#primaryimage"},"thumbnailUrl":"https:\/\/lemco.dk\/wp-content\/uploads\/2020\/06\/Gummidut-til-krykke.jpg","datePublished":"2020-06-16T13:10:12+00:00","dateModified":"2025-08-14T09:17:11+00:00","description":"FlexyFoot embout qui absorbe les chocs de la terre dans la main de la b\u00e9quille et soulage les \u00e9paules et les bras et r\u00e9duit les micro-chocs qui accompagnent la marche avec des b\u00e9quilles","breadcrumb":{"@id":"https:\/\/lemco.dk\/fr\/shop\/flexyfoot-embout-de-canne-amortisant\/#breadcrumb"},"inLanguage":"fr-FR","potentialAction":[{"@type":"ReadAction","target":["https:\/\/lemco.dk\/fr\/shop\/flexyfoot-embout-de-canne-amortisant\/"]}]},{"@type":"ImageObject","inLanguage":"fr-FR","@id":"https:\/\/lemco.dk\/fr\/shop\/flexyfoot-embout-de-canne-amortisant\/#primaryimage","url":"https:\/\/lemco.dk\/wp-content\/uploads\/2020\/06\/Gummidut-til-krykke.jpg","contentUrl":"https:\/\/lemco.dk\/wp-content\/uploads\/2020\/06\/Gummidut-til-krykke.jpg","width":800,"height":800,"caption":"FlexyFoot-embout-en-caoutchouc amortisant"},{"@type":"BreadcrumbList","@id":"https:\/\/lemco.dk\/fr\/shop\/flexyfoot-embout-de-canne-amortisant\/#breadcrumb","itemListElement":[{"@type":"ListItem","position":1,"name":"Forside","item":"https:\/\/lemco.dk\/fr\/"},{"@type":"ListItem","position":2,"name":"Shop","item":"https:\/\/lemco.dk\/fr\/shop\/"},{"@type":"ListItem","position":3,"name":"FlexyFoot embout de canne qui absorbe des chocs &#8211; Antid\u00e9rapant"}]},{"@type":"WebSite","@id":"https:\/\/lemco.dk\/fr\/#website","url":"https:\/\/lemco.dk\/fr\/","name":"Lemco","description":"","publisher":{"@id":"https:\/\/lemco.dk\/fr\/#organization"},"alternateName":"Lemco Mobility Denmark","potentialAction":[{"@type":"SearchAction","target":{"@type":"EntryPoint","urlTemplate":"https:\/\/lemco.dk\/fr\/?s={search_term_string}"},"query-input":{"@type":"PropertyValueSpecification","valueRequired":true,"valueName":"search_term_string"}}],"inLanguage":"fr-FR"},{"@type":"Organization","@id":"https:\/\/lemco.dk\/fr\/#organization","name":"LEMCO Rehab & Fysio","alternateName":"Lemco Mobility Denmark","url":"https:\/\/lemco.dk\/fr\/","logo":{"@type":"ImageObject","inLanguage":"fr-FR","@id":"https:\/\/lemco.dk\/fr\/#\/schema\/logo\/image\/","url":"https:\/\/lemco.dk\/wp-content\/uploads\/2020\/07\/Lemco-rehab-fysio-logo-120px.png","contentUrl":"https:\/\/lemco.dk\/wp-content\/uploads\/2020\/07\/Lemco-rehab-fysio-logo-120px.png","width":120,"height":38,"caption":"LEMCO Rehab & Fysio"},"image":{"@id":"https:\/\/lemco.dk\/fr\/#\/schema\/logo\/image\/"},"sameAs":["https:\/\/www.facebook.com\/lemcorehab","https:\/\/linkedin.com\/company\/lemco-rehab-fysio\/","https:\/\/www.youtube.com\/c\/Lemcorehab"],"description":"We manufacture and sell exercisers for wheelchair use and for exercising in bed during hospital stay. Pedal exercisers that are steady on the floor.","email":"info@lemco.dk","telephone":"+45 3325 4002","legalName":"Lemco Rehab & Fysio ApS","vatID":"DK40159916","numberOfEmployees":{"@type":"QuantitativeValue","minValue":"1","maxValue":"10"}}]},"og_availability":"instock","product_availability":"instock","product_condition":"new"},"_links":{"self":[{"href":"https:\/\/lemco.dk\/fr\/wp-json\/wp\/v2\/product\/29240","targetHints":{"allow":["GET"]}}],"collection":[{"href":"https:\/\/lemco.dk\/fr\/wp-json\/wp\/v2\/product"}],"about":[{"href":"https:\/\/lemco.dk\/fr\/wp-json\/wp\/v2\/types\/product"}],"replies":[{"embeddable":true,"href":"https:\/\/lemco.dk\/fr\/wp-json\/wp\/v2\/comments?post=29240"}],"wp:featuredmedia":[{"embeddable":true,"href":"https:\/\/lemco.dk\/fr\/wp-json\/wp\/v2\/media\/29248"}],"wp:attachment":[{"href":"https:\/\/lemco.dk\/fr\/wp-json\/wp\/v2\/media?parent=29240"}],"wp:term":[{"taxonomy":"product_brand","embeddable":true,"href":"https:\/\/lemco.dk\/fr\/wp-json\/wp\/v2\/product_brand?post=29240"},{"taxonomy":"product_cat","embeddable":true,"href":"https:\/\/lemco.dk\/fr\/wp-json\/wp\/v2\/product_cat?post=29240"},{"taxonomy":"product_tag","embeddable":true,"href":"https:\/\/lemco.dk\/fr\/wp-json\/wp\/v2\/product_tag?post=29240"}],"curies":[{"name":"wp","href":"https:\/\/api.w.org\/{rel}","templated":true}]}}