{"id":27062,"date":"2020-06-16T15:10:12","date_gmt":"2020-06-16T13:10:12","guid":{"rendered":"https:\/\/lemco.dk\/shop\/embouts-anti-glisse-pour-cannes-anglaises\/"},"modified":"2025-04-20T20:04:56","modified_gmt":"2025-04-20T18:04:56","slug":"embouts-anti-glisse-pour-cannes-anglaises","status":"publish","type":"product","link":"https:\/\/lemco.dk\/fr\/shop\/embouts-anti-glisse-pour-cannes-anglaises\/","title":{"rendered":"Embouts anti glisse pour cannes anglaises"},"content":{"rendered":"<p><strong>Les embouts antiglisse et souple de Thomas Fetterman.\u00a0<\/strong><\/p>\n<p>Develop\u00e9 durant des ann\u00e9es de cet monsieur Tomas Fetterman d\u00e9di\u00e9 des etats unis. Thomas Fetterman \u00e0 cr\u00e9e des embouts de qualit\u00e9 durable et o\u00fa nos clients sont extremement satisfait.<\/p>\n<ul>\n<li>L\u00e8ger, que 63 gramme par embout.<\/li>\n<li>\u00c0 peu pr\u00e8s 50% plus leger que des autres embouts.<\/li>\n<li>Extrement stable et amortit durant la marche<\/li>\n<li>Pas de latex (moins de risque de l&#8217;allergie)<\/li>\n<\/ul>\n<p>L\u00b4embout est advisee pour les personnes qui cherchent un embout l\u00e9ger et stable.<\/p>\n","protected":false},"excerpt":{"rendered":"<p>Les embouts anti glisse peuvent \u00eatre mis sur les cannes anglaises de FDI et de cannes anglaises en carbon de chez nous.<\/p>\n","protected":false},"featured_media":27064,"comment_status":"open","ping_status":"closed","template":"","meta":{"content-type":""},"product_brand":[],"product_cat":[2800],"product_tag":[6901,6913,6914,6912],"class_list":{"0":"post-27062","1":"product","2":"type-product","3":"status-publish","4":"has-post-thumbnail","6":"product_cat-accessoires","7":"product_tag-embout-caoutchouc-pour-canne-anglaise","8":"product_tag-embout-pour-canne","9":"product_tag-embout-pour-canne-anglaise-de-qualite","10":"product_tag-embout-souple-pour-canne","12":"first","13":"instock","14":"taxable","15":"shipping-taxable","16":"purchasable","17":"product-type-simple"},"yoast_head":"<!-- This site is optimized with the Yoast SEO Premium plugin v27.3 (Yoast SEO v27.3) - https:\/\/yoast.com\/product\/yoast-seo-premium-wordpress\/ -->\n<title>Embouts anti glisse pour cannes anglaises - Embouts de quait\u00e9<\/title>\n<meta name=\"description\" content=\"Embout d&#039;une haute qualit\u00e9 de Thomas Fetterman\" \/>\n<meta name=\"robots\" content=\"index, follow, max-snippet:-1, max-image-preview:large, max-video-preview:-1\" \/>\n<link rel=\"canonical\" href=\"https:\/\/lemco.dk\/fr\/shop\/embouts-anti-glisse-pour-cannes-anglaises\/\" \/>\n<meta property=\"og:locale\" content=\"fr_FR\" \/>\n<meta property=\"og:type\" content=\"article\" \/>\n<meta property=\"og:title\" content=\"Embouts anti glisse pour cannes anglaises\" \/>\n<meta property=\"og:description\" content=\"Embout d&#039;une haute qualit\u00e9 de Thomas Fetterman\" \/>\n<meta property=\"og:url\" content=\"https:\/\/lemco.dk\/fr\/shop\/embouts-anti-glisse-pour-cannes-anglaises\/\" \/>\n<meta property=\"og:site_name\" content=\"Lemco\" \/>\n<meta property=\"article:publisher\" content=\"https:\/\/www.facebook.com\/lemcorehab\" \/>\n<meta property=\"article:modified_time\" content=\"2025-04-20T18:04:56+00:00\" \/>\n<meta property=\"og:image\" content=\"https:\/\/lemco.dk\/wp-content\/uploads\/2020\/06\/Tornado-dupper-thomas-fetterman.jpg\" \/>\n\t<meta property=\"og:image:width\" content=\"800\" \/>\n\t<meta property=\"og:image:height\" content=\"800\" \/>\n\t<meta property=\"og:image:type\" content=\"image\/jpeg\" \/>\n<meta name=\"twitter:card\" content=\"summary_large_image\" \/>\n<script type=\"application\/ld+json\" class=\"yoast-schema-graph\">{\"@context\":\"https:\\\/\\\/schema.org\",\"@graph\":[{\"@type\":\"WebPage\",\"@id\":\"https:\\\/\\\/lemco.dk\\\/fr\\\/shop\\\/embouts-anti-glisse-pour-cannes-anglaises\\\/\",\"url\":\"https:\\\/\\\/lemco.dk\\\/fr\\\/shop\\\/embouts-anti-glisse-pour-cannes-anglaises\\\/\",\"name\":\"Embouts anti glisse pour cannes anglaises - Embouts de quait\u00e9\",\"isPartOf\":{\"@id\":\"https:\\\/\\\/lemco.dk\\\/fr\\\/#website\"},\"primaryImageOfPage\":{\"@id\":\"https:\\\/\\\/lemco.dk\\\/fr\\\/shop\\\/embouts-anti-glisse-pour-cannes-anglaises\\\/#primaryimage\"},\"image\":{\"@id\":\"https:\\\/\\\/lemco.dk\\\/fr\\\/shop\\\/embouts-anti-glisse-pour-cannes-anglaises\\\/#primaryimage\"},\"thumbnailUrl\":\"https:\\\/\\\/lemco.dk\\\/wp-content\\\/uploads\\\/2020\\\/06\\\/Tornado-dupper-thomas-fetterman.jpg\",\"datePublished\":\"2020-06-16T13:10:12+00:00\",\"dateModified\":\"2025-04-20T18:04:56+00:00\",\"description\":\"Embout d'une haute qualit\u00e9 de Thomas Fetterman\",\"breadcrumb\":{\"@id\":\"https:\\\/\\\/lemco.dk\\\/fr\\\/shop\\\/embouts-anti-glisse-pour-cannes-anglaises\\\/#breadcrumb\"},\"inLanguage\":\"fr-FR\",\"potentialAction\":[{\"@type\":\"ReadAction\",\"target\":[\"https:\\\/\\\/lemco.dk\\\/fr\\\/shop\\\/embouts-anti-glisse-pour-cannes-anglaises\\\/\"]}]},{\"@type\":\"ImageObject\",\"inLanguage\":\"fr-FR\",\"@id\":\"https:\\\/\\\/lemco.dk\\\/fr\\\/shop\\\/embouts-anti-glisse-pour-cannes-anglaises\\\/#primaryimage\",\"url\":\"https:\\\/\\\/lemco.dk\\\/wp-content\\\/uploads\\\/2020\\\/06\\\/Tornado-dupper-thomas-fetterman.jpg\",\"contentUrl\":\"https:\\\/\\\/lemco.dk\\\/wp-content\\\/uploads\\\/2020\\\/06\\\/Tornado-dupper-thomas-fetterman.jpg\",\"width\":800,\"height\":800,\"caption\":\"Embout souple de Thomas Fetterman\"},{\"@type\":\"BreadcrumbList\",\"@id\":\"https:\\\/\\\/lemco.dk\\\/fr\\\/shop\\\/embouts-anti-glisse-pour-cannes-anglaises\\\/#breadcrumb\",\"itemListElement\":[{\"@type\":\"ListItem\",\"position\":1,\"name\":\"Forside\",\"item\":\"https:\\\/\\\/lemco.dk\\\/fr\\\/\"},{\"@type\":\"ListItem\",\"position\":2,\"name\":\"Shop\",\"item\":\"https:\\\/\\\/lemco.dk\\\/fr\\\/shop\\\/\"},{\"@type\":\"ListItem\",\"position\":3,\"name\":\"Embouts anti glisse pour cannes anglaises\"}]},{\"@type\":\"WebSite\",\"@id\":\"https:\\\/\\\/lemco.dk\\\/fr\\\/#website\",\"url\":\"https:\\\/\\\/lemco.dk\\\/fr\\\/\",\"name\":\"Lemco\",\"description\":\"\",\"publisher\":{\"@id\":\"https:\\\/\\\/lemco.dk\\\/fr\\\/#organization\"},\"alternateName\":\"Lemco Mobility Denmark\",\"potentialAction\":[{\"@type\":\"SearchAction\",\"target\":{\"@type\":\"EntryPoint\",\"urlTemplate\":\"https:\\\/\\\/lemco.dk\\\/fr\\\/?s={search_term_string}\"},\"query-input\":{\"@type\":\"PropertyValueSpecification\",\"valueRequired\":true,\"valueName\":\"search_term_string\"}}],\"inLanguage\":\"fr-FR\"},{\"@type\":\"Organization\",\"@id\":\"https:\\\/\\\/lemco.dk\\\/fr\\\/#organization\",\"name\":\"LEMCO Rehab & Fysio\",\"alternateName\":\"Lemco Mobility Denmark\",\"url\":\"https:\\\/\\\/lemco.dk\\\/fr\\\/\",\"logo\":{\"@type\":\"ImageObject\",\"inLanguage\":\"fr-FR\",\"@id\":\"https:\\\/\\\/lemco.dk\\\/fr\\\/#\\\/schema\\\/logo\\\/image\\\/\",\"url\":\"https:\\\/\\\/lemco.dk\\\/wp-content\\\/uploads\\\/2020\\\/07\\\/Lemco-rehab-fysio-logo-120px.png\",\"contentUrl\":\"https:\\\/\\\/lemco.dk\\\/wp-content\\\/uploads\\\/2020\\\/07\\\/Lemco-rehab-fysio-logo-120px.png\",\"width\":120,\"height\":38,\"caption\":\"LEMCO Rehab & Fysio\"},\"image\":{\"@id\":\"https:\\\/\\\/lemco.dk\\\/fr\\\/#\\\/schema\\\/logo\\\/image\\\/\"},\"sameAs\":[\"https:\\\/\\\/www.facebook.com\\\/lemcorehab\",\"https:\\\/\\\/linkedin.com\\\/company\\\/lemco-rehab-fysio\\\/\",\"https:\\\/\\\/www.youtube.com\\\/c\\\/Lemcorehab\"],\"description\":\"We manufacture and sell exercisers for wheelchair use and for exercising in bed during hospital stay. Pedal exercisers that are steady on the floor.\",\"email\":\"info@lemco.dk\",\"telephone\":\"+45 3325 4002\",\"legalName\":\"Lemco Rehab & Fysio ApS\",\"vatID\":\"DK40159916\",\"numberOfEmployees\":{\"@type\":\"QuantitativeValue\",\"minValue\":\"1\",\"maxValue\":\"10\"}}]}<\/script>\n<meta property=\"product:price:amount\" content=\"31.00\" \/>\n<meta property=\"product:price:currency\" content=\"EUR\" \/>\n<meta property=\"og:availability\" content=\"instock\" \/>\n<meta property=\"product:availability\" content=\"instock\" \/>\n<meta property=\"product:retailer_item_id\" content=\"TOR1010\" \/>\n<meta property=\"product:condition\" content=\"new\" \/>\n<!-- \/ Yoast SEO Premium plugin. -->","yoast_head_json":{"title":"Embouts anti glisse pour cannes anglaises - Embouts de quait\u00e9","description":"Embout d'une haute qualit\u00e9 de Thomas Fetterman","robots":{"index":"index","follow":"follow","max-snippet":"max-snippet:-1","max-image-preview":"max-image-preview:large","max-video-preview":"max-video-preview:-1"},"canonical":"https:\/\/lemco.dk\/fr\/shop\/embouts-anti-glisse-pour-cannes-anglaises\/","og_locale":"fr_FR","og_type":"article","og_title":"Embouts anti glisse pour cannes anglaises","og_description":"Embout d'une haute qualit\u00e9 de Thomas Fetterman","og_url":"https:\/\/lemco.dk\/fr\/shop\/embouts-anti-glisse-pour-cannes-anglaises\/","og_site_name":"Lemco","article_publisher":"https:\/\/www.facebook.com\/lemcorehab","article_modified_time":"2025-04-20T18:04:56+00:00","og_image":[{"width":800,"height":800,"url":"https:\/\/lemco.dk\/wp-content\/uploads\/2020\/06\/Tornado-dupper-thomas-fetterman.jpg","type":"image\/jpeg"}],"twitter_card":"summary_large_image","schema":{"@context":"https:\/\/schema.org","@graph":[{"@type":"WebPage","@id":"https:\/\/lemco.dk\/fr\/shop\/embouts-anti-glisse-pour-cannes-anglaises\/","url":"https:\/\/lemco.dk\/fr\/shop\/embouts-anti-glisse-pour-cannes-anglaises\/","name":"Embouts anti glisse pour cannes anglaises - Embouts de quait\u00e9","isPartOf":{"@id":"https:\/\/lemco.dk\/fr\/#website"},"primaryImageOfPage":{"@id":"https:\/\/lemco.dk\/fr\/shop\/embouts-anti-glisse-pour-cannes-anglaises\/#primaryimage"},"image":{"@id":"https:\/\/lemco.dk\/fr\/shop\/embouts-anti-glisse-pour-cannes-anglaises\/#primaryimage"},"thumbnailUrl":"https:\/\/lemco.dk\/wp-content\/uploads\/2020\/06\/Tornado-dupper-thomas-fetterman.jpg","datePublished":"2020-06-16T13:10:12+00:00","dateModified":"2025-04-20T18:04:56+00:00","description":"Embout d'une haute qualit\u00e9 de Thomas Fetterman","breadcrumb":{"@id":"https:\/\/lemco.dk\/fr\/shop\/embouts-anti-glisse-pour-cannes-anglaises\/#breadcrumb"},"inLanguage":"fr-FR","potentialAction":[{"@type":"ReadAction","target":["https:\/\/lemco.dk\/fr\/shop\/embouts-anti-glisse-pour-cannes-anglaises\/"]}]},{"@type":"ImageObject","inLanguage":"fr-FR","@id":"https:\/\/lemco.dk\/fr\/shop\/embouts-anti-glisse-pour-cannes-anglaises\/#primaryimage","url":"https:\/\/lemco.dk\/wp-content\/uploads\/2020\/06\/Tornado-dupper-thomas-fetterman.jpg","contentUrl":"https:\/\/lemco.dk\/wp-content\/uploads\/2020\/06\/Tornado-dupper-thomas-fetterman.jpg","width":800,"height":800,"caption":"Embout souple de Thomas Fetterman"},{"@type":"BreadcrumbList","@id":"https:\/\/lemco.dk\/fr\/shop\/embouts-anti-glisse-pour-cannes-anglaises\/#breadcrumb","itemListElement":[{"@type":"ListItem","position":1,"name":"Forside","item":"https:\/\/lemco.dk\/fr\/"},{"@type":"ListItem","position":2,"name":"Shop","item":"https:\/\/lemco.dk\/fr\/shop\/"},{"@type":"ListItem","position":3,"name":"Embouts anti glisse pour cannes anglaises"}]},{"@type":"WebSite","@id":"https:\/\/lemco.dk\/fr\/#website","url":"https:\/\/lemco.dk\/fr\/","name":"Lemco","description":"","publisher":{"@id":"https:\/\/lemco.dk\/fr\/#organization"},"alternateName":"Lemco Mobility Denmark","potentialAction":[{"@type":"SearchAction","target":{"@type":"EntryPoint","urlTemplate":"https:\/\/lemco.dk\/fr\/?s={search_term_string}"},"query-input":{"@type":"PropertyValueSpecification","valueRequired":true,"valueName":"search_term_string"}}],"inLanguage":"fr-FR"},{"@type":"Organization","@id":"https:\/\/lemco.dk\/fr\/#organization","name":"LEMCO Rehab & Fysio","alternateName":"Lemco Mobility Denmark","url":"https:\/\/lemco.dk\/fr\/","logo":{"@type":"ImageObject","inLanguage":"fr-FR","@id":"https:\/\/lemco.dk\/fr\/#\/schema\/logo\/image\/","url":"https:\/\/lemco.dk\/wp-content\/uploads\/2020\/07\/Lemco-rehab-fysio-logo-120px.png","contentUrl":"https:\/\/lemco.dk\/wp-content\/uploads\/2020\/07\/Lemco-rehab-fysio-logo-120px.png","width":120,"height":38,"caption":"LEMCO Rehab & Fysio"},"image":{"@id":"https:\/\/lemco.dk\/fr\/#\/schema\/logo\/image\/"},"sameAs":["https:\/\/www.facebook.com\/lemcorehab","https:\/\/linkedin.com\/company\/lemco-rehab-fysio\/","https:\/\/www.youtube.com\/c\/Lemcorehab"],"description":"We manufacture and sell exercisers for wheelchair use and for exercising in bed during hospital stay. Pedal exercisers that are steady on the floor.","email":"info@lemco.dk","telephone":"+45 3325 4002","legalName":"Lemco Rehab & Fysio ApS","vatID":"DK40159916","numberOfEmployees":{"@type":"QuantitativeValue","minValue":"1","maxValue":"10"}}]},"product_price_amount":"31.00","product_price_currency":"EUR","og_availability":"instock","product_availability":"instock","product_retailer_item_id":"TOR1010","product_condition":"new"},"_links":{"self":[{"href":"https:\/\/lemco.dk\/fr\/wp-json\/wp\/v2\/product\/27062","targetHints":{"allow":["GET"]}}],"collection":[{"href":"https:\/\/lemco.dk\/fr\/wp-json\/wp\/v2\/product"}],"about":[{"href":"https:\/\/lemco.dk\/fr\/wp-json\/wp\/v2\/types\/product"}],"replies":[{"embeddable":true,"href":"https:\/\/lemco.dk\/fr\/wp-json\/wp\/v2\/comments?post=27062"}],"wp:featuredmedia":[{"embeddable":true,"href":"https:\/\/lemco.dk\/fr\/wp-json\/wp\/v2\/media\/27064"}],"wp:attachment":[{"href":"https:\/\/lemco.dk\/fr\/wp-json\/wp\/v2\/media?parent=27062"}],"wp:term":[{"taxonomy":"product_brand","embeddable":true,"href":"https:\/\/lemco.dk\/fr\/wp-json\/wp\/v2\/product_brand?post=27062"},{"taxonomy":"product_cat","embeddable":true,"href":"https:\/\/lemco.dk\/fr\/wp-json\/wp\/v2\/product_cat?post=27062"},{"taxonomy":"product_tag","embeddable":true,"href":"https:\/\/lemco.dk\/fr\/wp-json\/wp\/v2\/product_tag?post=27062"}],"curies":[{"name":"wp","href":"https:\/\/api.w.org\/{rel}","templated":true}]}}