{"id":27057,"date":"2020-06-16T15:10:11","date_gmt":"2020-06-16T13:10:11","guid":{"rendered":"https:\/\/lemco.dk\/shop\/pedale-avec-maintien-talon-pour-pedalier\/"},"modified":"2025-11-29T19:19:58","modified_gmt":"2025-11-29T18:19:58","slug":"pedale-avec-maintien-talon-pour-pedalier","status":"publish","type":"product","link":"https:\/\/lemco.dk\/fr\/shop\/pedale-avec-maintien-talon-pour-pedalier\/","title":{"rendered":"P\u00e9dales avec maintien talon pour p\u00e9dalier"},"content":{"rendered":"<p>Le mantien talon assure que le pied reste sur la p\u00e9dale durant l&#8217;entra\u00eenement<\/p>\n<p>Vendu en paire. vis droit \/ gauche 9\/16-20. Veuillez bien verifier le vis avant de commander svp.<\/p>\n","protected":false},"excerpt":{"rendered":"<p class=\"h1 page-title\"><strong>P\u00e9dale avec maintien talon pour p\u00e9dalier<\/strong><\/p>\n<p>Velcro pour tenir les pieds en place sur la p\u00e9dale, est mont\u00e9 sur la P\u00e9dale que nous livrons.<\/p>\n<p>La p\u00e9dale est fabriqu\u00e9 pour \u00eatre utilis\u00e9 a l\u00b4interieur. C&#8217;est possible de l&#8217;utiliser sur des v\u00e9los de route, mais sans garantie. Nous avisons de l&#8217;utiliser en temps sans pluie.<\/p>\n<p>&nbsp;<\/p>\n","protected":false},"featured_media":20562,"comment_status":"open","ping_status":"closed","template":"","meta":{"content-type":""},"product_brand":[],"product_cat":[7131],"product_tag":[6907,6909,6910,6908,6911],"class_list":{"0":"post-27057","1":"product","2":"type-product","3":"status-publish","4":"has-post-thumbnail","6":"product_cat-pedalier-dappartement-de-qualite","7":"product_tag-pedale-avec-maintien-talon-pour-pedalier","8":"product_tag-pedales","9":"product_tag-pedales-avec-maintien-pied","10":"product_tag-pedales-pour-velo-dappartement","11":"product_tag-pedales-specieaux","13":"first","14":"instock","15":"taxable","16":"shipping-taxable","17":"purchasable","18":"product-type-simple"},"yoast_head":"<!-- This site is optimized with the Yoast SEO Premium plugin v27.3 (Yoast SEO v27.3) - https:\/\/yoast.com\/product\/yoast-seo-premium-wordpress\/ -->\n<title>P\u00e9dales avec maintien talon pour p\u00e9dalier - LEMCO - Livraison vite<\/title>\n<meta name=\"description\" content=\"P\u00e9dale pour exerciseur\/p\u00e9dalier. Vendu en paire. Pour exerciseurs o\u00f9 les pieds ne tient pas durant l&#039;entra\u00eenement. Tient le pied sur la p\u00e9dale\" \/>\n<meta name=\"robots\" content=\"index, follow, max-snippet:-1, max-image-preview:large, max-video-preview:-1\" \/>\n<link rel=\"canonical\" href=\"https:\/\/lemco.dk\/fr\/shop\/pedale-avec-maintien-talon-pour-pedalier\/\" \/>\n<meta property=\"og:locale\" content=\"fr_FR\" \/>\n<meta property=\"og:type\" content=\"article\" \/>\n<meta property=\"og:title\" content=\"P\u00e9dales avec maintien talon pour p\u00e9dalier\" \/>\n<meta property=\"og:description\" content=\"P\u00e9dale pour exerciseur\/p\u00e9dalier. Vendu en paire. Pour exerciseurs o\u00f9 les pieds ne tient pas durant l&#039;entra\u00eenement. Tient le pied sur la p\u00e9dale\" \/>\n<meta property=\"og:url\" content=\"https:\/\/lemco.dk\/fr\/shop\/pedale-avec-maintien-talon-pour-pedalier\/\" \/>\n<meta property=\"og:site_name\" content=\"Lemco\" \/>\n<meta property=\"article:publisher\" content=\"https:\/\/www.facebook.com\/lemcorehab\" \/>\n<meta property=\"article:modified_time\" content=\"2025-11-29T18:19:58+00:00\" \/>\n<meta property=\"og:image\" content=\"https:\/\/lemco.dk\/wp-content\/uploads\/2020\/06\/Pedaler-med-velcro-og-h\u00e6lkappe-1.jpg\" \/>\n\t<meta property=\"og:image:width\" content=\"800\" \/>\n\t<meta property=\"og:image:height\" content=\"800\" \/>\n\t<meta property=\"og:image:type\" content=\"image\/jpeg\" \/>\n<meta name=\"twitter:card\" content=\"summary_large_image\" \/>\n<script type=\"application\/ld+json\" class=\"yoast-schema-graph\">{\"@context\":\"https:\\\/\\\/schema.org\",\"@graph\":[{\"@type\":\"WebPage\",\"@id\":\"https:\\\/\\\/lemco.dk\\\/fr\\\/shop\\\/pedale-avec-maintien-talon-pour-pedalier\\\/\",\"url\":\"https:\\\/\\\/lemco.dk\\\/fr\\\/shop\\\/pedale-avec-maintien-talon-pour-pedalier\\\/\",\"name\":\"P\u00e9dales avec maintien talon pour p\u00e9dalier - LEMCO - Livraison vite\",\"isPartOf\":{\"@id\":\"https:\\\/\\\/lemco.dk\\\/fr\\\/#website\"},\"primaryImageOfPage\":{\"@id\":\"https:\\\/\\\/lemco.dk\\\/fr\\\/shop\\\/pedale-avec-maintien-talon-pour-pedalier\\\/#primaryimage\"},\"image\":{\"@id\":\"https:\\\/\\\/lemco.dk\\\/fr\\\/shop\\\/pedale-avec-maintien-talon-pour-pedalier\\\/#primaryimage\"},\"thumbnailUrl\":\"https:\\\/\\\/lemco.dk\\\/wp-content\\\/uploads\\\/2020\\\/06\\\/Pedaler-med-velcro-og-h\u00e6lkappe-1.jpg\",\"datePublished\":\"2020-06-16T13:10:11+00:00\",\"dateModified\":\"2025-11-29T18:19:58+00:00\",\"description\":\"P\u00e9dale pour exerciseur\\\/p\u00e9dalier. Vendu en paire. Pour exerciseurs o\u00f9 les pieds ne tient pas durant l'entra\u00eenement. Tient le pied sur la p\u00e9dale\",\"breadcrumb\":{\"@id\":\"https:\\\/\\\/lemco.dk\\\/fr\\\/shop\\\/pedale-avec-maintien-talon-pour-pedalier\\\/#breadcrumb\"},\"inLanguage\":\"fr-FR\",\"potentialAction\":[{\"@type\":\"ReadAction\",\"target\":[\"https:\\\/\\\/lemco.dk\\\/fr\\\/shop\\\/pedale-avec-maintien-talon-pour-pedalier\\\/\"]}]},{\"@type\":\"ImageObject\",\"inLanguage\":\"fr-FR\",\"@id\":\"https:\\\/\\\/lemco.dk\\\/fr\\\/shop\\\/pedale-avec-maintien-talon-pour-pedalier\\\/#primaryimage\",\"url\":\"https:\\\/\\\/lemco.dk\\\/wp-content\\\/uploads\\\/2020\\\/06\\\/Pedaler-med-velcro-og-h\u00e6lkappe-1.jpg\",\"contentUrl\":\"https:\\\/\\\/lemco.dk\\\/wp-content\\\/uploads\\\/2020\\\/06\\\/Pedaler-med-velcro-og-h\u00e6lkappe-1.jpg\",\"width\":800,\"height\":800,\"caption\":\"P\u00e9dale avec maintien pied sur la p\u00e9dale\"},{\"@type\":\"BreadcrumbList\",\"@id\":\"https:\\\/\\\/lemco.dk\\\/fr\\\/shop\\\/pedale-avec-maintien-talon-pour-pedalier\\\/#breadcrumb\",\"itemListElement\":[{\"@type\":\"ListItem\",\"position\":1,\"name\":\"Forside\",\"item\":\"https:\\\/\\\/lemco.dk\\\/fr\\\/\"},{\"@type\":\"ListItem\",\"position\":2,\"name\":\"Shop\",\"item\":\"https:\\\/\\\/lemco.dk\\\/fr\\\/shop\\\/\"},{\"@type\":\"ListItem\",\"position\":3,\"name\":\"P\u00e9dales avec maintien talon pour p\u00e9dalier\"}]},{\"@type\":\"WebSite\",\"@id\":\"https:\\\/\\\/lemco.dk\\\/fr\\\/#website\",\"url\":\"https:\\\/\\\/lemco.dk\\\/fr\\\/\",\"name\":\"Lemco\",\"description\":\"\",\"publisher\":{\"@id\":\"https:\\\/\\\/lemco.dk\\\/fr\\\/#organization\"},\"alternateName\":\"Lemco Mobility Denmark\",\"potentialAction\":[{\"@type\":\"SearchAction\",\"target\":{\"@type\":\"EntryPoint\",\"urlTemplate\":\"https:\\\/\\\/lemco.dk\\\/fr\\\/?s={search_term_string}\"},\"query-input\":{\"@type\":\"PropertyValueSpecification\",\"valueRequired\":true,\"valueName\":\"search_term_string\"}}],\"inLanguage\":\"fr-FR\"},{\"@type\":\"Organization\",\"@id\":\"https:\\\/\\\/lemco.dk\\\/fr\\\/#organization\",\"name\":\"LEMCO Rehab & Fysio\",\"alternateName\":\"Lemco Mobility Denmark\",\"url\":\"https:\\\/\\\/lemco.dk\\\/fr\\\/\",\"logo\":{\"@type\":\"ImageObject\",\"inLanguage\":\"fr-FR\",\"@id\":\"https:\\\/\\\/lemco.dk\\\/fr\\\/#\\\/schema\\\/logo\\\/image\\\/\",\"url\":\"https:\\\/\\\/lemco.dk\\\/wp-content\\\/uploads\\\/2020\\\/07\\\/Lemco-rehab-fysio-logo-120px.png\",\"contentUrl\":\"https:\\\/\\\/lemco.dk\\\/wp-content\\\/uploads\\\/2020\\\/07\\\/Lemco-rehab-fysio-logo-120px.png\",\"width\":120,\"height\":38,\"caption\":\"LEMCO Rehab & Fysio\"},\"image\":{\"@id\":\"https:\\\/\\\/lemco.dk\\\/fr\\\/#\\\/schema\\\/logo\\\/image\\\/\"},\"sameAs\":[\"https:\\\/\\\/www.facebook.com\\\/lemcorehab\",\"https:\\\/\\\/linkedin.com\\\/company\\\/lemco-rehab-fysio\\\/\",\"https:\\\/\\\/www.youtube.com\\\/c\\\/Lemcorehab\"],\"description\":\"We manufacture and sell exercisers for wheelchair use and for exercising in bed during hospital stay. Pedal exercisers that are steady on the floor.\",\"email\":\"info@lemco.dk\",\"telephone\":\"+45 3325 4002\",\"legalName\":\"Lemco Rehab & Fysio ApS\",\"vatID\":\"DK40159916\",\"numberOfEmployees\":{\"@type\":\"QuantitativeValue\",\"minValue\":\"1\",\"maxValue\":\"10\"}}]}<\/script>\n<meta property=\"product:price:amount\" content=\"113.34\" \/>\n<meta property=\"product:price:currency\" content=\"EUR\" \/>\n<meta property=\"og:availability\" content=\"instock\" \/>\n<meta property=\"product:availability\" content=\"instock\" \/>\n<meta property=\"product:retailer_item_id\" content=\"BFM10030\" \/>\n<meta property=\"product:condition\" content=\"new\" \/>\n<!-- \/ Yoast SEO Premium plugin. -->","yoast_head_json":{"title":"P\u00e9dales avec maintien talon pour p\u00e9dalier - LEMCO - Livraison vite","description":"P\u00e9dale pour exerciseur\/p\u00e9dalier. Vendu en paire. Pour exerciseurs o\u00f9 les pieds ne tient pas durant l'entra\u00eenement. Tient le pied sur la p\u00e9dale","robots":{"index":"index","follow":"follow","max-snippet":"max-snippet:-1","max-image-preview":"max-image-preview:large","max-video-preview":"max-video-preview:-1"},"canonical":"https:\/\/lemco.dk\/fr\/shop\/pedale-avec-maintien-talon-pour-pedalier\/","og_locale":"fr_FR","og_type":"article","og_title":"P\u00e9dales avec maintien talon pour p\u00e9dalier","og_description":"P\u00e9dale pour exerciseur\/p\u00e9dalier. Vendu en paire. Pour exerciseurs o\u00f9 les pieds ne tient pas durant l'entra\u00eenement. Tient le pied sur la p\u00e9dale","og_url":"https:\/\/lemco.dk\/fr\/shop\/pedale-avec-maintien-talon-pour-pedalier\/","og_site_name":"Lemco","article_publisher":"https:\/\/www.facebook.com\/lemcorehab","article_modified_time":"2025-11-29T18:19:58+00:00","og_image":[{"width":800,"height":800,"url":"https:\/\/lemco.dk\/wp-content\/uploads\/2020\/06\/Pedaler-med-velcro-og-h\u00e6lkappe-1.jpg","type":"image\/jpeg"}],"twitter_card":"summary_large_image","schema":{"@context":"https:\/\/schema.org","@graph":[{"@type":"WebPage","@id":"https:\/\/lemco.dk\/fr\/shop\/pedale-avec-maintien-talon-pour-pedalier\/","url":"https:\/\/lemco.dk\/fr\/shop\/pedale-avec-maintien-talon-pour-pedalier\/","name":"P\u00e9dales avec maintien talon pour p\u00e9dalier - LEMCO - Livraison vite","isPartOf":{"@id":"https:\/\/lemco.dk\/fr\/#website"},"primaryImageOfPage":{"@id":"https:\/\/lemco.dk\/fr\/shop\/pedale-avec-maintien-talon-pour-pedalier\/#primaryimage"},"image":{"@id":"https:\/\/lemco.dk\/fr\/shop\/pedale-avec-maintien-talon-pour-pedalier\/#primaryimage"},"thumbnailUrl":"https:\/\/lemco.dk\/wp-content\/uploads\/2020\/06\/Pedaler-med-velcro-og-h\u00e6lkappe-1.jpg","datePublished":"2020-06-16T13:10:11+00:00","dateModified":"2025-11-29T18:19:58+00:00","description":"P\u00e9dale pour exerciseur\/p\u00e9dalier. Vendu en paire. Pour exerciseurs o\u00f9 les pieds ne tient pas durant l'entra\u00eenement. Tient le pied sur la p\u00e9dale","breadcrumb":{"@id":"https:\/\/lemco.dk\/fr\/shop\/pedale-avec-maintien-talon-pour-pedalier\/#breadcrumb"},"inLanguage":"fr-FR","potentialAction":[{"@type":"ReadAction","target":["https:\/\/lemco.dk\/fr\/shop\/pedale-avec-maintien-talon-pour-pedalier\/"]}]},{"@type":"ImageObject","inLanguage":"fr-FR","@id":"https:\/\/lemco.dk\/fr\/shop\/pedale-avec-maintien-talon-pour-pedalier\/#primaryimage","url":"https:\/\/lemco.dk\/wp-content\/uploads\/2020\/06\/Pedaler-med-velcro-og-h\u00e6lkappe-1.jpg","contentUrl":"https:\/\/lemco.dk\/wp-content\/uploads\/2020\/06\/Pedaler-med-velcro-og-h\u00e6lkappe-1.jpg","width":800,"height":800,"caption":"P\u00e9dale avec maintien pied sur la p\u00e9dale"},{"@type":"BreadcrumbList","@id":"https:\/\/lemco.dk\/fr\/shop\/pedale-avec-maintien-talon-pour-pedalier\/#breadcrumb","itemListElement":[{"@type":"ListItem","position":1,"name":"Forside","item":"https:\/\/lemco.dk\/fr\/"},{"@type":"ListItem","position":2,"name":"Shop","item":"https:\/\/lemco.dk\/fr\/shop\/"},{"@type":"ListItem","position":3,"name":"P\u00e9dales avec maintien talon pour p\u00e9dalier"}]},{"@type":"WebSite","@id":"https:\/\/lemco.dk\/fr\/#website","url":"https:\/\/lemco.dk\/fr\/","name":"Lemco","description":"","publisher":{"@id":"https:\/\/lemco.dk\/fr\/#organization"},"alternateName":"Lemco Mobility Denmark","potentialAction":[{"@type":"SearchAction","target":{"@type":"EntryPoint","urlTemplate":"https:\/\/lemco.dk\/fr\/?s={search_term_string}"},"query-input":{"@type":"PropertyValueSpecification","valueRequired":true,"valueName":"search_term_string"}}],"inLanguage":"fr-FR"},{"@type":"Organization","@id":"https:\/\/lemco.dk\/fr\/#organization","name":"LEMCO Rehab & Fysio","alternateName":"Lemco Mobility Denmark","url":"https:\/\/lemco.dk\/fr\/","logo":{"@type":"ImageObject","inLanguage":"fr-FR","@id":"https:\/\/lemco.dk\/fr\/#\/schema\/logo\/image\/","url":"https:\/\/lemco.dk\/wp-content\/uploads\/2020\/07\/Lemco-rehab-fysio-logo-120px.png","contentUrl":"https:\/\/lemco.dk\/wp-content\/uploads\/2020\/07\/Lemco-rehab-fysio-logo-120px.png","width":120,"height":38,"caption":"LEMCO Rehab & Fysio"},"image":{"@id":"https:\/\/lemco.dk\/fr\/#\/schema\/logo\/image\/"},"sameAs":["https:\/\/www.facebook.com\/lemcorehab","https:\/\/linkedin.com\/company\/lemco-rehab-fysio\/","https:\/\/www.youtube.com\/c\/Lemcorehab"],"description":"We manufacture and sell exercisers for wheelchair use and for exercising in bed during hospital stay. Pedal exercisers that are steady on the floor.","email":"info@lemco.dk","telephone":"+45 3325 4002","legalName":"Lemco Rehab & Fysio ApS","vatID":"DK40159916","numberOfEmployees":{"@type":"QuantitativeValue","minValue":"1","maxValue":"10"}}]},"product_price_amount":"113.34","product_price_currency":"EUR","og_availability":"instock","product_availability":"instock","product_retailer_item_id":"BFM10030","product_condition":"new"},"_links":{"self":[{"href":"https:\/\/lemco.dk\/fr\/wp-json\/wp\/v2\/product\/27057","targetHints":{"allow":["GET"]}}],"collection":[{"href":"https:\/\/lemco.dk\/fr\/wp-json\/wp\/v2\/product"}],"about":[{"href":"https:\/\/lemco.dk\/fr\/wp-json\/wp\/v2\/types\/product"}],"replies":[{"embeddable":true,"href":"https:\/\/lemco.dk\/fr\/wp-json\/wp\/v2\/comments?post=27057"}],"wp:featuredmedia":[{"embeddable":true,"href":"https:\/\/lemco.dk\/fr\/wp-json\/wp\/v2\/media\/20562"}],"wp:attachment":[{"href":"https:\/\/lemco.dk\/fr\/wp-json\/wp\/v2\/media?parent=27057"}],"wp:term":[{"taxonomy":"product_brand","embeddable":true,"href":"https:\/\/lemco.dk\/fr\/wp-json\/wp\/v2\/product_brand?post=27057"},{"taxonomy":"product_cat","embeddable":true,"href":"https:\/\/lemco.dk\/fr\/wp-json\/wp\/v2\/product_cat?post=27057"},{"taxonomy":"product_tag","embeddable":true,"href":"https:\/\/lemco.dk\/fr\/wp-json\/wp\/v2\/product_tag?post=27057"}],"curies":[{"name":"wp","href":"https:\/\/api.w.org\/{rel}","templated":true}]}}