{"id":25486,"date":"2020-06-16T15:10:09","date_gmt":"2020-06-16T13:10:09","guid":{"rendered":"https:\/\/dev.lemco.dk\/shop\/pedalier-dappartement-de-qualite\/"},"modified":"2026-03-20T00:33:29","modified_gmt":"2026-03-19T23:33:29","slug":"pedalier-dappartement-de-qualite","status":"publish","type":"product","link":"https:\/\/lemco.dk\/fr\/shop\/pedalier-dappartement-de-qualite\/","title":{"rendered":"P\u00e9dalier d\u00b4appartement de Qualit\u00e9"},"content":{"rendered":"<div class=\"wpb-content-wrapper\"><p>[vc_row][vc_column][vc_custom_heading text=&#8221;Une veritable solution d\u00b4un probl\u00e8me de force dans les membres inf\u00e9rieur&#8221; google_fonts=&#8221;font_family:Roboto%3A100%2C100italic%2C300%2C300italic%2Cregular%2Citalic%2C500%2C500italic%2C700%2C700italic%2C900%2C900italic|font_style:700%20bold%20regular%3A700%3Anormal&#8221;][vc_column_text text_larger=&#8221;no&#8221;]Le p\u00e9dalier a des p\u00e9dales avec un support de talon unique et efficace (\u00e9quip\u00e9 de velcro) ce qui assiste a ce que les pieds restent sur la p\u00e9dale pendant l\u2019exercice. Il est \u00e9galement fa\u00e7ile de mettre vos pieds en place pour l\u2019entrainement.<\/p>\n<p>Les p\u00e9dales permettent \u00e9galement un petit repos, sans le besoin d\u2019effort pour tenir le pied sur la p\u00e9dale.<\/p>\n<p>La r\u00e9sistance magn\u00e9tique sans usure &#8211; est r\u00e9gl\u00e9e en continu et le v\u00e9lo d\u00b4appartement est \u00e9quip\u00e9 d\u2019un \u00e9cran qui montre, entre autres choses, km\/h, la vitesse et le temps d\u2019entrainement.<\/p>\n<p><strong>En savoir plus: <a href=\"\/fr\/contacte\/\" target=\"_blank\" rel=\"noopener noreferrer\">Contactez nous<\/a><\/strong>[\/vc_column_text][\/vc_column][\/vc_row][vc_row][vc_column width=&#8221;1\/3&#8243;][\/vc_column][vc_column width=&#8221;1\/3&#8243;][vc_video link=&#8221;https:\/\/youtu.be\/Qxreng399EI&#8221; el_width=&#8221;40&#8243; align=&#8221;center&#8221; poster_image=&#8221;32738&#8243; image_poster_switch=&#8221;yes&#8221; img_size=&#8221;medium&#8221;][\/vc_column][vc_column width=&#8221;1\/3&#8243;][\/vc_column][\/vc_row][vc_row][vc_column][vc_custom_heading text=&#8221;P\u00e9dales avec support talon et un systeme brevet\u00e9 de resistance fait que cet v\u00e9lo est aussi appr\u00e9ci\u00e9 par nos clients&#8221; google_fonts=&#8221;font_family:Roboto%3A100%2C100italic%2C300%2C300italic%2Cregular%2Citalic%2C500%2C500italic%2C700%2C700italic%2C900%2C900italic|font_style:700%20bold%20regular%3A700%3Anormal&#8221;][vc_column_text text_larger=&#8221;no&#8221;]<strong>Pedalier d\u00b4appartement de Qualit\u00e9 B \u0301fit mini. L\u2019entra\u00eeneur de p\u00e9dale vous permet d\u00b4exercer facilement m\u00eame si vous avez des d\u00e9fis. Peut \u00eatre utilis\u00e9 depuis un fauteuil roulant.<\/strong><\/p>\n<p>Les probl\u00e8mes de monter sur une siege sur un v\u00e9lo d\u2019exercice r\u00e9gulier sont \u00e9vit\u00e9s, car en utilisant notre\u00a0v\u00e9lo d\u00b4apartement on est assis.<\/p>\n<p>Les accidents sont \u00e9galement r\u00e9duit o\u00f9 m\u00eame \u00e9vit\u00e9s.<\/p>\n<p>Vous pouvez p\u00e9daler \u00e0 la fois en avant et en arri\u00e8re, renfor\u00e7ant ainsi les muscles et augmentant la circulation sanguine. De cette facon on est assur\u00e9 un plus longue entra\u00eenement et donc un meilleur autonomie.[\/vc_column_text][vc_custom_heading text=&#8221;C&#8217;est pas un p\u00e9dalier d&#8217;appartement ordinaire &#8211; mais extraordinairement bon !&#8221; google_fonts=&#8221;font_family:Roboto%3A100%2C100italic%2C300%2C300italic%2Cregular%2Citalic%2C500%2C500italic%2C700%2C700italic%2C900%2C900italic|font_style:700%20bold%20regular%3A700%3Anormal&#8221;][vc_column_text text_larger=&#8221;no&#8221;]Entrainement r\u00e9gulier sur une selle sur les v\u00e9los d\u00b4apartement ordinaire qui ne sont pas destin\u00e9es aux personnes \u00e2g\u00e9es et aux gens ayant un probl\u00e8me d\u2019\u00e9quilibre, nest pas bon pour le sant\u00e9. Le si\u00e8ge et le guidon ne sont pas con\u00e7us pour les personnes \u00e0 faible \u00e9quilibre, une raison majeure pour laquelle ils ne sont pas utilis\u00e9s.<\/p>\n<p>Si vous \u00eates en m\u00eame temps m\u00e9dicament\u00e9 ou l\u00e9g\u00e8rement confus, les v\u00e9los d\u2019entrainement avec selle sont une id\u00e9e encore pire.<\/p>\n<p>Notre p\u00e9dalier est unique et le meilleur et le plus efficace v\u00e9lo d\u2019entrainement\/entraineur pour les personnes \u00e2g\u00e9es et le temps-r\u00e9el sur le march\u00e9.[\/vc_column_text][vc_media_grid element_width=&#8221;2&#8243; grid_id=&#8221;vc_gid:1678959020047-560345e2-5f60-3&#8243; include=&#8221;18949,25489&#8243;][vc_custom_heading text=&#8221;P\u00e9dalier assis sur une chaise est maintenant possible&#8221; google_fonts=&#8221;font_family:Roboto%3A100%2C100italic%2C300%2C300italic%2Cregular%2Citalic%2C500%2C500italic%2C700%2C700italic%2C900%2C900italic|font_style:700%20bold%20regular%3A700%3Anormal&#8221;][vc_column_text text_larger=&#8221;no&#8221;]Entra\u00eenez soit sure une chaise ou d\u00b4une fauteuil roulant.[\/vc_column_text][\/vc_column][\/vc_row][vc_row][vc_column][vc_custom_heading text=&#8221;Pourqui un p\u00e9dalier dix fois plus ch\u00e8re q\u00b4un p\u00e9dalier des grandes surfaces ?&#8221; google_fonts=&#8221;font_family:Roboto%3A100%2C100italic%2C300%2C300italic%2Cregular%2Citalic%2C500%2C500italic%2C700%2C700italic%2C900%2C900italic|font_style:700%20bold%20regular%3A700%3Anormal&#8221;][vc_column_text text_larger=&#8221;no&#8221;]Vous pouvez facilement acheter un v\u00e9lo d\u00b4apartement a 40 Euro dans un grand surface ou en ligne. Vous aurez ainsi un p\u00e9dalier avec des pedales qui ne sont pas con\u00e7u pour des personnes \u00e2g\u00e9es. Les pieds sont difficiles a tenir sur l\u00b4appareil et l\u00b4appareil bouge sur le sol.<\/p>\n<p>Nous vendons des centaines de ces v\u00e9los chaque ann\u00e9e, et nous l\u00b4exportons pour des revendeurs en Europe ou les clients cherchent des solutions de qualit\u00e9.[\/vc_column_text][vc_custom_heading text=&#8221;Essayez notre p\u00e9dalier LEMCO COMBI BIKE PLUS &#8211; c&#8217;est un meilleur solution pour des d\u00e9fis graves.&#8221; google_fonts=&#8221;font_family:Roboto%3A100%2C100italic%2C300%2C300italic%2Cregular%2Citalic%2C500%2C500italic%2C700%2C700italic%2C900%2C900italic|font_style:700%20bold%20regular%3A700%3Anormal&#8221;][vc_column_text text_larger=&#8221;no&#8221;]<strong>Si vous avez un maladie neurologique vous seriez peut \u00eatre plus int\u00e9ress\u00e9 par notre <a href=\"https:\/\/lemco.dk\/fr\/shop\/lemco-combi-bike-plus-2\/\">COMBI BIKE PLUS<\/a><\/strong>\u00a0que nous fabriquons et o\u00f9 nous avons d\u00e9ja plusieurs clients en France. <a href=\"https:\/\/lemco.dk\/fr\/contacte\/\">Contactez nous par telephone.<\/a><\/p>\n<p>Souvent les clients qui n\u00b4ont pas essay\u00e9 notre p\u00e9dalier choisissent un &#8220;P\u00e9dalier d&#8217;exercice \u00e0 assistance \u00e9lectrique&#8221;. Ces machines fabriqu\u00e9 en chine ne sont pas fait pour pl\u00fbs d\u00b4autonomie mais juste pour le mouvement.<\/p>\n<p><strong>Nos solutions sont fait pour que nos clients reprennent de l\u00b4autonomie.<\/strong>[\/vc_column_text][vc_custom_heading text=&#8221;P\u00e9daliers deluxe passif avec moteur ne sont pas les bonnes solutions !&#8221; google_fonts=&#8221;font_family:Roboto%3A100%2C100italic%2C300%2C300italic%2Cregular%2Citalic%2C500%2C500italic%2C700%2C700italic%2C900%2C900italic|font_style:700%20bold%20regular%3A700%3Anormal&#8221;][vc_column_text text_larger=&#8221;no&#8221;]Les p\u00e9daliers Deluxe passif ne deviennent pas un meilleur solution par \u00eatre appel\u00e9 Deluxe.<\/p>\n<p><strong>Comparez notre P\u00e9dalier de qualit\u00e9 avec toutes autres p\u00e9daliers, et vous comprendrez pourquoi nos avons tant de client, m\u00eame d\u00b4un prix sup\u00e9rieur aux autres !<\/strong>[\/vc_column_text][vc_column_text text_larger=&#8221;no&#8221;][\/vc_column_text][vc_custom_heading text=&#8221;Ideale pour SSIAD et CSSR&#8221; google_fonts=&#8221;font_family:Roboto%3A100%2C100italic%2C300%2C300italic%2Cregular%2Citalic%2C500%2C500italic%2C700%2C700italic%2C900%2C900italic|font_style:700%20bold%20regular%3A700%3Anormal&#8221;][vc_column_text text_larger=&#8221;no&#8221;]Ces p\u00e9daliers sont d\u00e9ja utilis\u00e9 en quantit\u00e9 dans plusieurs EHPAD et CSSR en Europe.<\/p>\n<p>Durant COVID ces petites machines peuvent maintenir les forces des r\u00e9sidents, et des individuelles qui ne bougent pas assez durant la crise COVID.[\/vc_column_text][\/vc_column][\/vc_row][vc_row full_width=&#8221;stretch_row&#8221; css=&#8221;.vc_custom_1598304277877{margin-bottom: 4vh !important;background-color: #f9f9f9 !important;}&#8221; mobile_bg_img_hidden=&#8221;no&#8221; tablet_bg_img_hidden=&#8221;no&#8221; woodmart_parallax=&#8221;0&#8243; woodmart_gradient_switch=&#8221;no&#8221; row_reverse_mobile=&#8221;0&#8243; row_reverse_tablet=&#8221;0&#8243; woodmart_disable_overflow=&#8221;0&#8243;][vc_column offset=&#8221;vc_col-lg-offset-1 vc_col-lg-10 vc_col-md-offset-1 vc_col-md-10&#8243; mobile_bg_img_hidden=&#8221;no&#8221; tablet_bg_img_hidden=&#8221;no&#8221; woodmart_parallax=&#8221;0&#8243; woodmart_sticky_column=&#8221;false&#8221; parallax_scroll=&#8221;no&#8221; mobile_reset_margin=&#8221;no&#8221; tablet_reset_margin=&#8221;no&#8221;][vc_row_inner][vc_column_inner width=&#8221;1\/2&#8243; offset=&#8221;vc_col-lg-5 vc_col-md-6&#8243;]\t\t\t<div id=\"wd-640641946bedd\" class=\"wd-text-block-wrapper wd-wpb wd-rs-640641946bedd color-scheme-custom text-left vc_custom_1678131611005\">\n\t\t\t\t<div class=\"woodmart-title-container woodmart-text-block reset-last-child font-text wd-font-weight- wd-fontsize-m\">\n\t\t\t\t\tDES DOUTES?<\/p>\n<p>CONTACTEZ NOUS SVP. !\t\t\t\t<\/div>\n\n\t\t\t\t\t\t\t<\/div>\n\t\t\t\t\t<div id=\"wd-60219cca18955\" class=\"wd-text-block-wrapper wd-wpb wd-rs-60219cca18955 color-scheme-dark text-left wd-width-enabled vc_custom_1612815582936\" style=\"--wd-max-width: 90%;\">\n\t\t\t\t<div class=\"woodmart-title-container woodmart-text-block reset-last-child font-primary wd-font-weight-600 wd-fontsize-xxl\">\n\t\t\t\t\tAIDE ET CONSEILS\t\t\t\t<\/div>\n\n\t\t\t\t\t\t\t<\/div>\n\t\t\t\t\t<div id=\"wd-640641b9363ef\" class=\"wd-text-block-wrapper wd-wpb wd-rs-640641b9363ef color-scheme- text-left wd-width-enabled \" style=\"--wd-max-width: 90%;\">\n\t\t\t\t<div class=\"woodmart-title-container woodmart-text-block reset-last-child font-text wd-font-weight-400 \">\n\t\t\t\t\t<strong>Si vous doutez que nous puissions vous aider?<\/strong><\/p>\n<p id=\"tw-target-text\" class=\"tw-data-text tw-text-large XcVN5d tw-ta\" dir=\"ltr\" data-placeholder=\"Overs\u00e6ttelse\"><span lang=\"fr\">Avec 30 ans d&#8217;exp\u00e9rience, je suis presque s\u00fbr de pouvoir vous aider. Appelez-moi au +45 3325 4002 pour des conseils et des conseils qui vous feront du bien.<\/span><\/p>\n<p>Je serai ravi de vous aider\t\t\t\t<\/div>\n\n\t\t\t\t\t\t\t<\/div>\n\t\t<div id=\"wd-60219d6acfe96\" class=\" wd-rs-60219d6acfe96  wd-button-wrapper text-center inline-element\"><a href=\"\/fr\/contact\/\" title=\"Contactez nous pour conseil et aide\" class=\"btn btn-color-primary btn-style-bordered btn-shape-semi-round btn-size-large woodmart-open-newsletter\">CONSEILS ET AIDE D\u00b4UN EXPERT<\/a><\/div>[\/vc_column_inner][vc_column_inner width=&#8221;1\/2&#8243; offset=&#8221;vc_col-lg-7 vc_col-md-6&#8243;][vc_single_image image=&#8221;26544&#8243; img_size=&#8221;600*800&#8243; alignment=&#8221;center&#8221; parallax_scroll=&#8221;no&#8221; css=&#8221;.vc_custom_1612815821162{margin-bottom: 0px !important;}&#8221;][\/vc_column_inner][\/vc_row_inner][\/vc_column][\/vc_row]<\/p>\n<\/div>","protected":false},"excerpt":{"rendered":"<p><strong>Le\u00a0p\u00e9dalier d\u00b4appartement pour\u00a0r\u00e9\u00e9ducation\u00a0<\/strong>vous aide \u00e0 l\u2019exercice quotidien, qui est important de garder les fonctions de votre corps en cours d\u2019ex\u00e9cution et de maintenir la circulation sanguine, ainsi que de maintenir et de renforcer les muscles d\u2019une mani\u00e8re s\u00e9curitaire.<\/p>\n<p>Le <strong>p\u00e9dalier d\u00b4appartement<\/strong><strong>\u00a0que nous fabriquons est un produit de qualit\u00e9,<\/strong> le v\u00e9lo ne peut pas \u00eatre compar\u00e9 avec de petites p\u00e9dales d\u2019entrainement bon march\u00e9 \/v\u00e9los \u00e0 p\u00e9dale\/entraineurs de p\u00e9dale et v\u00e9los fabriqu\u00e9 du fer pli\u00e9 ou m\u00eame &#8211; tous les autres petits v\u00e9los d\u00b4appartement.<\/p>\n","protected":false},"featured_media":25490,"comment_status":"open","ping_status":"closed","template":"","meta":{"content-type":""},"product_brand":[],"product_cat":[7131],"product_tag":[7154,7135,7155],"class_list":{"0":"post-25486","1":"product","2":"type-product","3":"status-publish","4":"has-post-thumbnail","6":"product_cat-pedalier-dappartement-de-qualite","7":"product_tag-fauteuil-roulant","8":"product_tag-pedalier-de-qualite","9":"product_tag-velo-dappartement-pour-personnes-agees","10":"product_shipping_class-livraison-gratuite","12":"first","13":"outofstock","14":"featured","15":"taxable","16":"shipping-taxable","17":"purchasable","18":"product-type-simple"},"yoast_head":"<!-- This site is optimized with the Yoast SEO Premium plugin v27.3 (Yoast SEO v27.3) - https:\/\/yoast.com\/product\/yoast-seo-premium-wordpress\/ -->\n<title>P\u00e9dalier d\u00b4appartement de Qualit\u00e9 - Lemco<\/title>\n<meta name=\"description\" content=\"Pedalier d\u00b4appartement\u00a0qui vous aide \u00e0 l\u2019exercice quotidien. P\u00e9dales avec support talon assure que les pieds tient sur les p\u00e9dales. Qualit\u00e9 !\" \/>\n<meta name=\"robots\" content=\"index, follow, max-snippet:-1, max-image-preview:large, max-video-preview:-1\" \/>\n<link rel=\"canonical\" href=\"https:\/\/lemco.dk\/fr\/shop\/pedalier-dappartement-de-qualite\/\" \/>\n<meta property=\"og:locale\" content=\"fr_FR\" \/>\n<meta property=\"og:type\" content=\"article\" \/>\n<meta property=\"og:title\" content=\"P\u00e9dalier d\u00b4appartement de Qualit\u00e9\" \/>\n<meta property=\"og:description\" content=\"Pedalier d\u00b4appartement\u00a0qui vous aide \u00e0 l\u2019exercice quotidien. P\u00e9dales avec support talon assure que les pieds tient sur les p\u00e9dales. Qualit\u00e9 !\" \/>\n<meta property=\"og:url\" content=\"https:\/\/lemco.dk\/fr\/shop\/pedalier-dappartement-de-qualite\/\" \/>\n<meta property=\"og:site_name\" content=\"Lemco\" \/>\n<meta property=\"article:publisher\" content=\"https:\/\/www.facebook.com\/lemcorehab\" \/>\n<meta property=\"article:modified_time\" content=\"2026-03-19T23:33:29+00:00\" \/>\n<meta property=\"og:image\" content=\"https:\/\/lemco.dk\/wp-content\/uploads\/2020\/06\/B-fit-mini-med-specialpedaler-tr\u00e6ningscykel-til-stol.jpg\" \/>\n\t<meta property=\"og:image:width\" content=\"800\" \/>\n\t<meta property=\"og:image:height\" content=\"800\" \/>\n\t<meta property=\"og:image:type\" content=\"image\/jpeg\" \/>\n<meta name=\"twitter:card\" content=\"summary_large_image\" \/>\n<script type=\"application\/ld+json\" class=\"yoast-schema-graph\">{\"@context\":\"https:\\\/\\\/schema.org\",\"@graph\":[{\"@type\":\"WebPage\",\"@id\":\"https:\\\/\\\/lemco.dk\\\/fr\\\/shop\\\/pedalier-dappartement-de-qualite\\\/\",\"url\":\"https:\\\/\\\/lemco.dk\\\/fr\\\/shop\\\/pedalier-dappartement-de-qualite\\\/\",\"name\":\"P\u00e9dalier d\u00b4appartement de Qualit\u00e9 - Lemco\",\"isPartOf\":{\"@id\":\"https:\\\/\\\/lemco.dk\\\/fr\\\/#website\"},\"primaryImageOfPage\":{\"@id\":\"https:\\\/\\\/lemco.dk\\\/fr\\\/shop\\\/pedalier-dappartement-de-qualite\\\/#primaryimage\"},\"image\":{\"@id\":\"https:\\\/\\\/lemco.dk\\\/fr\\\/shop\\\/pedalier-dappartement-de-qualite\\\/#primaryimage\"},\"thumbnailUrl\":\"https:\\\/\\\/lemco.dk\\\/wp-content\\\/uploads\\\/2020\\\/06\\\/B-fit-mini-med-specialpedaler-tr\u00e6ningscykel-til-stol.jpg\",\"datePublished\":\"2020-06-16T13:10:09+00:00\",\"dateModified\":\"2026-03-19T23:33:29+00:00\",\"description\":\"Pedalier d\u00b4appartement\u00a0qui vous aide \u00e0 l\u2019exercice quotidien. P\u00e9dales avec support talon assure que les pieds tient sur les p\u00e9dales. Qualit\u00e9 !\",\"breadcrumb\":{\"@id\":\"https:\\\/\\\/lemco.dk\\\/fr\\\/shop\\\/pedalier-dappartement-de-qualite\\\/#breadcrumb\"},\"inLanguage\":\"fr-FR\",\"potentialAction\":[{\"@type\":\"ReadAction\",\"target\":[\"https:\\\/\\\/lemco.dk\\\/fr\\\/shop\\\/pedalier-dappartement-de-qualite\\\/\"]}]},{\"@type\":\"ImageObject\",\"inLanguage\":\"fr-FR\",\"@id\":\"https:\\\/\\\/lemco.dk\\\/fr\\\/shop\\\/pedalier-dappartement-de-qualite\\\/#primaryimage\",\"url\":\"https:\\\/\\\/lemco.dk\\\/wp-content\\\/uploads\\\/2020\\\/06\\\/B-fit-mini-med-specialpedaler-tr\u00e6ningscykel-til-stol.jpg\",\"contentUrl\":\"https:\\\/\\\/lemco.dk\\\/wp-content\\\/uploads\\\/2020\\\/06\\\/B-fit-mini-med-specialpedaler-tr\u00e6ningscykel-til-stol.jpg\",\"width\":800,\"height\":800,\"caption\":\"Pedalier d\u00b4appartement de qualit\u00e9 pour chaise\"},{\"@type\":\"BreadcrumbList\",\"@id\":\"https:\\\/\\\/lemco.dk\\\/fr\\\/shop\\\/pedalier-dappartement-de-qualite\\\/#breadcrumb\",\"itemListElement\":[{\"@type\":\"ListItem\",\"position\":1,\"name\":\"Forside\",\"item\":\"https:\\\/\\\/lemco.dk\\\/fr\\\/\"},{\"@type\":\"ListItem\",\"position\":2,\"name\":\"Shop\",\"item\":\"https:\\\/\\\/lemco.dk\\\/fr\\\/shop\\\/\"},{\"@type\":\"ListItem\",\"position\":3,\"name\":\"P\u00e9dalier d\u00b4appartement de Qualit\u00e9\"}]},{\"@type\":\"WebSite\",\"@id\":\"https:\\\/\\\/lemco.dk\\\/fr\\\/#website\",\"url\":\"https:\\\/\\\/lemco.dk\\\/fr\\\/\",\"name\":\"Lemco\",\"description\":\"\",\"publisher\":{\"@id\":\"https:\\\/\\\/lemco.dk\\\/fr\\\/#organization\"},\"alternateName\":\"Lemco Mobility Denmark\",\"potentialAction\":[{\"@type\":\"SearchAction\",\"target\":{\"@type\":\"EntryPoint\",\"urlTemplate\":\"https:\\\/\\\/lemco.dk\\\/fr\\\/?s={search_term_string}\"},\"query-input\":{\"@type\":\"PropertyValueSpecification\",\"valueRequired\":true,\"valueName\":\"search_term_string\"}}],\"inLanguage\":\"fr-FR\"},{\"@type\":\"Organization\",\"@id\":\"https:\\\/\\\/lemco.dk\\\/fr\\\/#organization\",\"name\":\"LEMCO Rehab & Fysio\",\"alternateName\":\"Lemco Mobility Denmark\",\"url\":\"https:\\\/\\\/lemco.dk\\\/fr\\\/\",\"logo\":{\"@type\":\"ImageObject\",\"inLanguage\":\"fr-FR\",\"@id\":\"https:\\\/\\\/lemco.dk\\\/fr\\\/#\\\/schema\\\/logo\\\/image\\\/\",\"url\":\"https:\\\/\\\/lemco.dk\\\/wp-content\\\/uploads\\\/2020\\\/07\\\/Lemco-rehab-fysio-logo-120px.png\",\"contentUrl\":\"https:\\\/\\\/lemco.dk\\\/wp-content\\\/uploads\\\/2020\\\/07\\\/Lemco-rehab-fysio-logo-120px.png\",\"width\":120,\"height\":38,\"caption\":\"LEMCO Rehab & Fysio\"},\"image\":{\"@id\":\"https:\\\/\\\/lemco.dk\\\/fr\\\/#\\\/schema\\\/logo\\\/image\\\/\"},\"sameAs\":[\"https:\\\/\\\/www.facebook.com\\\/lemcorehab\",\"https:\\\/\\\/linkedin.com\\\/company\\\/lemco-rehab-fysio\\\/\",\"https:\\\/\\\/www.youtube.com\\\/c\\\/Lemcorehab\"],\"description\":\"We manufacture and sell exercisers for wheelchair use and for exercising in bed during hospital stay. Pedal exercisers that are steady on the floor.\",\"email\":\"info@lemco.dk\",\"telephone\":\"+45 3325 4002\",\"legalName\":\"Lemco Rehab & Fysio ApS\",\"vatID\":\"DK40159916\",\"numberOfEmployees\":{\"@type\":\"QuantitativeValue\",\"minValue\":\"1\",\"maxValue\":\"10\"}}]}<\/script>\n<meta property=\"product:price:amount\" content=\"433.34\" \/>\n<meta property=\"product:price:currency\" content=\"EUR\" \/>\n<meta property=\"og:availability\" content=\"out of stock\" \/>\n<meta property=\"product:availability\" content=\"out of stock\" \/>\n<meta property=\"product:retailer_item_id\" content=\"BFM10010\" \/>\n<meta property=\"product:condition\" content=\"new\" \/>\n<!-- \/ Yoast SEO Premium plugin. -->","yoast_head_json":{"title":"P\u00e9dalier d\u00b4appartement de Qualit\u00e9 - Lemco","description":"Pedalier d\u00b4appartement\u00a0qui vous aide \u00e0 l\u2019exercice quotidien. P\u00e9dales avec support talon assure que les pieds tient sur les p\u00e9dales. Qualit\u00e9 !","robots":{"index":"index","follow":"follow","max-snippet":"max-snippet:-1","max-image-preview":"max-image-preview:large","max-video-preview":"max-video-preview:-1"},"canonical":"https:\/\/lemco.dk\/fr\/shop\/pedalier-dappartement-de-qualite\/","og_locale":"fr_FR","og_type":"article","og_title":"P\u00e9dalier d\u00b4appartement de Qualit\u00e9","og_description":"Pedalier d\u00b4appartement\u00a0qui vous aide \u00e0 l\u2019exercice quotidien. P\u00e9dales avec support talon assure que les pieds tient sur les p\u00e9dales. Qualit\u00e9 !","og_url":"https:\/\/lemco.dk\/fr\/shop\/pedalier-dappartement-de-qualite\/","og_site_name":"Lemco","article_publisher":"https:\/\/www.facebook.com\/lemcorehab","article_modified_time":"2026-03-19T23:33:29+00:00","og_image":[{"width":800,"height":800,"url":"https:\/\/lemco.dk\/wp-content\/uploads\/2020\/06\/B-fit-mini-med-specialpedaler-tr\u00e6ningscykel-til-stol.jpg","type":"image\/jpeg"}],"twitter_card":"summary_large_image","schema":{"@context":"https:\/\/schema.org","@graph":[{"@type":"WebPage","@id":"https:\/\/lemco.dk\/fr\/shop\/pedalier-dappartement-de-qualite\/","url":"https:\/\/lemco.dk\/fr\/shop\/pedalier-dappartement-de-qualite\/","name":"P\u00e9dalier d\u00b4appartement de Qualit\u00e9 - Lemco","isPartOf":{"@id":"https:\/\/lemco.dk\/fr\/#website"},"primaryImageOfPage":{"@id":"https:\/\/lemco.dk\/fr\/shop\/pedalier-dappartement-de-qualite\/#primaryimage"},"image":{"@id":"https:\/\/lemco.dk\/fr\/shop\/pedalier-dappartement-de-qualite\/#primaryimage"},"thumbnailUrl":"https:\/\/lemco.dk\/wp-content\/uploads\/2020\/06\/B-fit-mini-med-specialpedaler-tr\u00e6ningscykel-til-stol.jpg","datePublished":"2020-06-16T13:10:09+00:00","dateModified":"2026-03-19T23:33:29+00:00","description":"Pedalier d\u00b4appartement\u00a0qui vous aide \u00e0 l\u2019exercice quotidien. P\u00e9dales avec support talon assure que les pieds tient sur les p\u00e9dales. Qualit\u00e9 !","breadcrumb":{"@id":"https:\/\/lemco.dk\/fr\/shop\/pedalier-dappartement-de-qualite\/#breadcrumb"},"inLanguage":"fr-FR","potentialAction":[{"@type":"ReadAction","target":["https:\/\/lemco.dk\/fr\/shop\/pedalier-dappartement-de-qualite\/"]}]},{"@type":"ImageObject","inLanguage":"fr-FR","@id":"https:\/\/lemco.dk\/fr\/shop\/pedalier-dappartement-de-qualite\/#primaryimage","url":"https:\/\/lemco.dk\/wp-content\/uploads\/2020\/06\/B-fit-mini-med-specialpedaler-tr\u00e6ningscykel-til-stol.jpg","contentUrl":"https:\/\/lemco.dk\/wp-content\/uploads\/2020\/06\/B-fit-mini-med-specialpedaler-tr\u00e6ningscykel-til-stol.jpg","width":800,"height":800,"caption":"Pedalier d\u00b4appartement de qualit\u00e9 pour chaise"},{"@type":"BreadcrumbList","@id":"https:\/\/lemco.dk\/fr\/shop\/pedalier-dappartement-de-qualite\/#breadcrumb","itemListElement":[{"@type":"ListItem","position":1,"name":"Forside","item":"https:\/\/lemco.dk\/fr\/"},{"@type":"ListItem","position":2,"name":"Shop","item":"https:\/\/lemco.dk\/fr\/shop\/"},{"@type":"ListItem","position":3,"name":"P\u00e9dalier d\u00b4appartement de Qualit\u00e9"}]},{"@type":"WebSite","@id":"https:\/\/lemco.dk\/fr\/#website","url":"https:\/\/lemco.dk\/fr\/","name":"Lemco","description":"","publisher":{"@id":"https:\/\/lemco.dk\/fr\/#organization"},"alternateName":"Lemco Mobility Denmark","potentialAction":[{"@type":"SearchAction","target":{"@type":"EntryPoint","urlTemplate":"https:\/\/lemco.dk\/fr\/?s={search_term_string}"},"query-input":{"@type":"PropertyValueSpecification","valueRequired":true,"valueName":"search_term_string"}}],"inLanguage":"fr-FR"},{"@type":"Organization","@id":"https:\/\/lemco.dk\/fr\/#organization","name":"LEMCO Rehab & Fysio","alternateName":"Lemco Mobility Denmark","url":"https:\/\/lemco.dk\/fr\/","logo":{"@type":"ImageObject","inLanguage":"fr-FR","@id":"https:\/\/lemco.dk\/fr\/#\/schema\/logo\/image\/","url":"https:\/\/lemco.dk\/wp-content\/uploads\/2020\/07\/Lemco-rehab-fysio-logo-120px.png","contentUrl":"https:\/\/lemco.dk\/wp-content\/uploads\/2020\/07\/Lemco-rehab-fysio-logo-120px.png","width":120,"height":38,"caption":"LEMCO Rehab & Fysio"},"image":{"@id":"https:\/\/lemco.dk\/fr\/#\/schema\/logo\/image\/"},"sameAs":["https:\/\/www.facebook.com\/lemcorehab","https:\/\/linkedin.com\/company\/lemco-rehab-fysio\/","https:\/\/www.youtube.com\/c\/Lemcorehab"],"description":"We manufacture and sell exercisers for wheelchair use and for exercising in bed during hospital stay. Pedal exercisers that are steady on the floor.","email":"info@lemco.dk","telephone":"+45 3325 4002","legalName":"Lemco Rehab & Fysio ApS","vatID":"DK40159916","numberOfEmployees":{"@type":"QuantitativeValue","minValue":"1","maxValue":"10"}}]},"product_price_amount":"433.34","product_price_currency":"EUR","og_availability":"out of stock","product_availability":"out of stock","product_retailer_item_id":"BFM10010","product_condition":"new"},"_links":{"self":[{"href":"https:\/\/lemco.dk\/fr\/wp-json\/wp\/v2\/product\/25486","targetHints":{"allow":["GET"]}}],"collection":[{"href":"https:\/\/lemco.dk\/fr\/wp-json\/wp\/v2\/product"}],"about":[{"href":"https:\/\/lemco.dk\/fr\/wp-json\/wp\/v2\/types\/product"}],"replies":[{"embeddable":true,"href":"https:\/\/lemco.dk\/fr\/wp-json\/wp\/v2\/comments?post=25486"}],"wp:featuredmedia":[{"embeddable":true,"href":"https:\/\/lemco.dk\/fr\/wp-json\/wp\/v2\/media\/25490"}],"wp:attachment":[{"href":"https:\/\/lemco.dk\/fr\/wp-json\/wp\/v2\/media?parent=25486"}],"wp:term":[{"taxonomy":"product_brand","embeddable":true,"href":"https:\/\/lemco.dk\/fr\/wp-json\/wp\/v2\/product_brand?post=25486"},{"taxonomy":"product_cat","embeddable":true,"href":"https:\/\/lemco.dk\/fr\/wp-json\/wp\/v2\/product_cat?post=25486"},{"taxonomy":"product_tag","embeddable":true,"href":"https:\/\/lemco.dk\/fr\/wp-json\/wp\/v2\/product_tag?post=25486"}],"curies":[{"name":"wp","href":"https:\/\/api.w.org\/{rel}","templated":true}]}}