{"id":26824,"date":"2020-08-19T18:55:33","date_gmt":"2020-08-19T16:55:33","guid":{"rendered":"https:\/\/lemco.dk\/?page_id=26824"},"modified":"2020-09-20T10:09:10","modified_gmt":"2020-09-20T08:09:10","slug":"mentions-legales-de-lemco","status":"publish","type":"page","link":"https:\/\/lemco.dk\/fr\/mentions-legales-de-lemco\/","title":{"rendered":"Mentions L\u00e9gales de LEMCO"},"content":{"rendered":"<h3>DONNEES PERSONNELLES<\/h3>\n<p>Les informations recueillies vous concernant sont indispensables pour le traitement de vos commandes. Elles sont exclusivement destin\u00e9es \u00e0 LEMCO Rehab &amp; Fysio, aux membres de son r\u00e9seau commercial, \u00e0 des fins d&#8217;enqu\u00eates commerciales, d&#8217;analyses, d&#8217;op\u00e9rations commerciales et de marketing. Aucune exploitation commerciale, m\u00eame partielle, des donn\u00e9es recueillies ne fera l&#8217;objet d&#8217;une cession \u00e0 des Tiers. Ces informations sont confidentielles et conserv\u00e9es par LEMCO Rehab &amp; Fysio et les membres de son r\u00e9seau commercial. Nous rappelons aux personnes faisant l&#8217;objet d&#8217;informations nominatives qu&#8217;elles disposent d&#8217;un droit d&#8217;acc\u00e8s, de modification, de rectification et de suppression des donn\u00e9es qui les concernent (article 34 de la loi &#8220;Informatique et libert\u00e9s&#8221; du 6 janvier 1978). De m\u00eame, vous disposez du droit de vous opposer, pour des raisons l\u00e9gitimes, \u00e0 ce que des informations nominatives vous concernant fassent l&#8217;objet d&#8217;un traitement (article 26 de la Loi Informatique et Libert\u00e9s du 6 janvier 1978).<\/p>\n<h3>DROITS DE PROPRIETE INTELLECTUELLE<\/h3>\n<p>La pr\u00e9sentation et le contenu du pr\u00e9sent site, constituent ensemble, une \u0153uvre prot\u00e9g\u00e9e par les lois en vigueur sur la propri\u00e9t\u00e9 intellectuelle, dont LEMCO Rehab &amp; Fysio est titulaire. Les reproductions, sur un support papier ou informatique, dudit site et des \u0153uvres et mod\u00e8les qui y sont reproduits sont autoris\u00e9es sous r\u00e9serve qu&#8217;elles soient strictement r\u00e9serv\u00e9es \u00e0 un usage personnel s&#8217;entend d&#8217;une reproduction \u00e0 l&#8217;identique seulement et que l&#8217;usage ainsi autoris\u00e9 ne doit pas nuire \u00e0 la qualit\u00e9 et \u00e0 la r\u00e9putation des produits de la soci\u00e9t\u00e9 LEMCO Rehab &amp; Fysio; excluant tout usage \u00e0 des fins publicitaires, commerciales, d&#8217;information.<\/p>\n<h3>UTILISATION DES COOKIES<\/h3>\n<p>Lors de votre visite sur notre site, nous sommes susceptibles d&#8217;implanter des cookies sur votre ordinateur. Un cookie ne nous permet pas de vous identifier. De mani\u00e8re g\u00e9n\u00e9rale, il enregistre des informations relatives \u00e0 la navigation de votre ordinateur sur notre site (les pages que vous avez consult\u00e9es, la date et l&#8217;heure de la consultation, etc.) que nous pourrons lire lors de vos visites ult\u00e9rieures. Vous pouvez naturellement vous opposer \u00e0 l&#8217;enregistrement de cookies en configurant votre navigateur en cons\u00e9quence. Vous pouvez \u00e9galement supprimer les cookies \u00e0 tout moment et individuellement en vous rapportant au manuel d&#8217;utilisation de votre syst\u00e8me d&#8217;exploitation.<\/p>\n<h3>INFORMATION SUR LES PRODUITS ET SERVICES<\/h3>\n<p>Les pages pr\u00e9sentes sur ce site constituent une pr\u00e9sentation g\u00e9n\u00e9rale de la gamme des produits de LEMCO Rehab &amp; Fysio. LEMCO Rehab &amp; Fysio se r\u00e9serve le droit de modifier les informations figurant sur le pr\u00e9sent site, notamment relatives aux caract\u00e9ristiques des produits pr\u00e9sent\u00e9s, \u00e0 tout moment, sans pr\u00e9avis, compte tenu de l&#8217;interactivit\u00e9 du site, sans que cela puisse engager la responsabilit\u00e9 de LEMCO Rehab &amp; Fysio, des membres de son r\u00e9seau, ou de ses employ\u00e9s.<\/p>\n<h3>SERVICE COMMERCIAL<\/h3>\n<p>Le service LEMCO Rehab &amp; Fysio est \u00e9galement \u00e0 votre disposition pour toute information relative notamment aux tarifs ou \u00e0 la disponibilit\u00e9 des produits pr\u00e9sent\u00e9s ainsi qu&#8217;\u00e0 leurs derni\u00e8res \u00e9volutions.<\/p>\n<h3>DONNEES A CARACTERE NON PERSONNELLES<\/h3>\n<p>Nous sommes susceptibles d&#8217;obtenir des renseignements obtenus automatiquement mais qui ne peuvent, en aucun cas, \u00eatre associ\u00e9s \u00e0 une personne. Ces renseignements concernent le type de navigateur internet que vous utilisez, le syst\u00e8me de votre ordinateur et le nom du domaine par lequel vous avez acc\u00e9d\u00e9 \u00e0 notre site.<\/p>\n<h3>LIENS HYPERTEXTES<\/h3>\n<p>Les utilisateurs sont formellement inform\u00e9s que les sites auxquels ils peuvent acc\u00e9der par l&#8217;interm\u00e9diaire des liens hypertextes ne nous appartiennent pas. LEMCO Rehab &amp; Fysio d\u00e9cline toute responsabilit\u00e9 quant au contenu des informations fournies sur ces sites au titre de l&#8217;activation du lien. Toute cr\u00e9ation par un tiers, de lien hypertexte en direction de l&#8217;une des pages ou cadres du pr\u00e9sent site n\u00e9cessite notre accord pr\u00e9alable.<\/p>\n<h3>DROIT APPLICABLE<\/h3>\n<p>Le pr\u00e9sent site est exclusivement r\u00e9gi par le droit interne fran\u00e7ais et par les conventions internationales applicables en France. En cas de litige, les tribunaux fran\u00e7ais seront seuls comp\u00e9tents.<\/p>\n<h3>MISE A JOUR DES CONDITIONS DE VISITE DU SITE<\/h3>\n<p>La pr\u00e9sente notice l\u00e9gale est \u00e9tablie \u00e0 un moment d\u00e9termin\u00e9 et est opposable \u00e0 l&#8217;utilisateur \u00e0 l&#8217;instant ou il se connecte. Elle sera susceptible d&#8217;\u00eatre modifi\u00e9e pour des raisons de mises \u00e0 jour, d&#8217;am\u00e9lioration ou d&#8217;adaptation. Il appartient \u00e0 l&#8217;internaute de s&#8217;y r\u00e9f\u00e9rer r\u00e9guli\u00e8rement afin de v\u00e9rifier les modalit\u00e9s de consultation de notre site.<\/p>\n<h3>CREDITS<\/h3>\n<p>La conception, la cr\u00e9ation et la r\u00e9alisation du site www.lemco.dk sont assur\u00e9es par nos soins et propuls\u00e9es par une solution e-comerce<\/p>\n<h3>IDENTIFICATION<\/h3>\n<p>Raison sociale : LEMCO Rehab &amp; Fysio<br \/>\nSi\u00e8ge social : Fabriksvej 3<br \/>\nCode postal : 3000<br \/>\nVille : Elsingore<br \/>\nPays\u00a0: Danemark<br \/>\nT\u00e9l\u00e9phone : +45 3325 4002<br \/>\nFax : +45 7020 5899<br \/>\nSIRET : DK40159916<\/p>\n","protected":false},"excerpt":{"rendered":"<p>DONNEES PERSONNELLES Les informations recueillies vous concernant sont indispensables pour le traitement de vos commandes. Elles sont exclusivement destin\u00e9es \u00e0<\/p>\n","protected":false},"author":2,"featured_media":0,"parent":0,"menu_order":980,"comment_status":"closed","ping_status":"closed","template":"","meta":{"content-type":"","footnotes":""},"class_list":["post-26824","page","type-page","status-publish","hentry"],"yoast_head":"<!-- This site is optimized with the Yoast SEO Premium plugin v27.3 (Yoast SEO v27.3) - https:\/\/yoast.com\/product\/yoast-seo-premium-wordpress\/ -->\n<title>Mentions L\u00e9gales de LEMCO - Lemco<\/title>\n<meta name=\"description\" content=\"Mentions Legales LEMCO Rehab &amp; Fysio pour achats en ligne des p\u00e9daliers pour la r\u00e9education\" \/>\n<meta name=\"robots\" content=\"noindex, follow\" \/>\n<meta property=\"og:locale\" content=\"fr_FR\" \/>\n<meta property=\"og:type\" content=\"article\" \/>\n<meta property=\"og:title\" content=\"Mentions L\u00e9gales de LEMCO\" \/>\n<meta property=\"og:description\" content=\"Mentions Legales LEMCO Rehab &amp; Fysio pour achats en ligne des p\u00e9daliers pour la r\u00e9education\" \/>\n<meta property=\"og:url\" content=\"https:\/\/lemco.dk\/fr\/mentions-legales-de-lemco\/\" \/>\n<meta property=\"og:site_name\" content=\"Lemco\" \/>\n<meta property=\"article:publisher\" content=\"https:\/\/www.facebook.com\/lemcorehab\" \/>\n<meta property=\"article:modified_time\" content=\"2020-09-20T08:09:10+00:00\" \/>\n<meta name=\"twitter:card\" content=\"summary_large_image\" \/>\n<script type=\"application\/ld+json\" class=\"yoast-schema-graph\">{\"@context\":\"https:\\\/\\\/schema.org\",\"@graph\":[{\"@type\":\"WebPage\",\"@id\":\"https:\\\/\\\/lemco.dk\\\/fr\\\/mentions-legales-de-lemco\\\/\",\"url\":\"https:\\\/\\\/lemco.dk\\\/fr\\\/mentions-legales-de-lemco\\\/\",\"name\":\"Mentions L\u00e9gales de LEMCO - Lemco\",\"isPartOf\":{\"@id\":\"https:\\\/\\\/lemco.dk\\\/fr\\\/#website\"},\"datePublished\":\"2020-08-19T16:55:33+00:00\",\"dateModified\":\"2020-09-20T08:09:10+00:00\",\"description\":\"Mentions Legales LEMCO Rehab & Fysio pour achats en ligne des p\u00e9daliers pour la r\u00e9education\",\"breadcrumb\":{\"@id\":\"https:\\\/\\\/lemco.dk\\\/fr\\\/mentions-legales-de-lemco\\\/#breadcrumb\"},\"inLanguage\":\"fr-FR\",\"potentialAction\":[{\"@type\":\"ReadAction\",\"target\":[\"https:\\\/\\\/lemco.dk\\\/fr\\\/mentions-legales-de-lemco\\\/\"]}]},{\"@type\":\"BreadcrumbList\",\"@id\":\"https:\\\/\\\/lemco.dk\\\/fr\\\/mentions-legales-de-lemco\\\/#breadcrumb\",\"itemListElement\":[{\"@type\":\"ListItem\",\"position\":1,\"name\":\"Forside\",\"item\":\"https:\\\/\\\/lemco.dk\\\/fr\\\/\"},{\"@type\":\"ListItem\",\"position\":2,\"name\":\"Mentions L\u00e9gales de LEMCO\"}]},{\"@type\":\"WebSite\",\"@id\":\"https:\\\/\\\/lemco.dk\\\/fr\\\/#website\",\"url\":\"https:\\\/\\\/lemco.dk\\\/fr\\\/\",\"name\":\"Lemco\",\"description\":\"\",\"publisher\":{\"@id\":\"https:\\\/\\\/lemco.dk\\\/fr\\\/#organization\"},\"alternateName\":\"Lemco Mobility Denmark\",\"potentialAction\":[{\"@type\":\"SearchAction\",\"target\":{\"@type\":\"EntryPoint\",\"urlTemplate\":\"https:\\\/\\\/lemco.dk\\\/fr\\\/?s={search_term_string}\"},\"query-input\":{\"@type\":\"PropertyValueSpecification\",\"valueRequired\":true,\"valueName\":\"search_term_string\"}}],\"inLanguage\":\"fr-FR\"},{\"@type\":\"Organization\",\"@id\":\"https:\\\/\\\/lemco.dk\\\/fr\\\/#organization\",\"name\":\"LEMCO Rehab & Fysio\",\"alternateName\":\"Lemco Mobility Denmark\",\"url\":\"https:\\\/\\\/lemco.dk\\\/fr\\\/\",\"logo\":{\"@type\":\"ImageObject\",\"inLanguage\":\"fr-FR\",\"@id\":\"https:\\\/\\\/lemco.dk\\\/fr\\\/#\\\/schema\\\/logo\\\/image\\\/\",\"url\":\"https:\\\/\\\/lemco.dk\\\/wp-content\\\/uploads\\\/2020\\\/07\\\/Lemco-rehab-fysio-logo-120px.png\",\"contentUrl\":\"https:\\\/\\\/lemco.dk\\\/wp-content\\\/uploads\\\/2020\\\/07\\\/Lemco-rehab-fysio-logo-120px.png\",\"width\":120,\"height\":38,\"caption\":\"LEMCO Rehab & Fysio\"},\"image\":{\"@id\":\"https:\\\/\\\/lemco.dk\\\/fr\\\/#\\\/schema\\\/logo\\\/image\\\/\"},\"sameAs\":[\"https:\\\/\\\/www.facebook.com\\\/lemcorehab\",\"https:\\\/\\\/linkedin.com\\\/company\\\/lemco-rehab-fysio\\\/\",\"https:\\\/\\\/www.youtube.com\\\/c\\\/Lemcorehab\"],\"description\":\"We manufacture and sell exercisers for wheelchair use and for exercising in bed during hospital stay. Pedal exercisers that are steady on the floor.\",\"email\":\"info@lemco.dk\",\"telephone\":\"+45 3325 4002\",\"legalName\":\"Lemco Rehab & Fysio ApS\",\"vatID\":\"DK40159916\",\"numberOfEmployees\":{\"@type\":\"QuantitativeValue\",\"minValue\":\"1\",\"maxValue\":\"10\"}}]}<\/script>\n<!-- \/ Yoast SEO Premium plugin. -->","yoast_head_json":{"title":"Mentions L\u00e9gales de LEMCO - Lemco","description":"Mentions Legales LEMCO Rehab & Fysio pour achats en ligne des p\u00e9daliers pour la r\u00e9education","robots":{"index":"noindex","follow":"follow"},"og_locale":"fr_FR","og_type":"article","og_title":"Mentions L\u00e9gales de LEMCO","og_description":"Mentions Legales LEMCO Rehab & Fysio pour achats en ligne des p\u00e9daliers pour la r\u00e9education","og_url":"https:\/\/lemco.dk\/fr\/mentions-legales-de-lemco\/","og_site_name":"Lemco","article_publisher":"https:\/\/www.facebook.com\/lemcorehab","article_modified_time":"2020-09-20T08:09:10+00:00","twitter_card":"summary_large_image","schema":{"@context":"https:\/\/schema.org","@graph":[{"@type":"WebPage","@id":"https:\/\/lemco.dk\/fr\/mentions-legales-de-lemco\/","url":"https:\/\/lemco.dk\/fr\/mentions-legales-de-lemco\/","name":"Mentions L\u00e9gales de LEMCO - Lemco","isPartOf":{"@id":"https:\/\/lemco.dk\/fr\/#website"},"datePublished":"2020-08-19T16:55:33+00:00","dateModified":"2020-09-20T08:09:10+00:00","description":"Mentions Legales LEMCO Rehab & Fysio pour achats en ligne des p\u00e9daliers pour la r\u00e9education","breadcrumb":{"@id":"https:\/\/lemco.dk\/fr\/mentions-legales-de-lemco\/#breadcrumb"},"inLanguage":"fr-FR","potentialAction":[{"@type":"ReadAction","target":["https:\/\/lemco.dk\/fr\/mentions-legales-de-lemco\/"]}]},{"@type":"BreadcrumbList","@id":"https:\/\/lemco.dk\/fr\/mentions-legales-de-lemco\/#breadcrumb","itemListElement":[{"@type":"ListItem","position":1,"name":"Forside","item":"https:\/\/lemco.dk\/fr\/"},{"@type":"ListItem","position":2,"name":"Mentions L\u00e9gales de LEMCO"}]},{"@type":"WebSite","@id":"https:\/\/lemco.dk\/fr\/#website","url":"https:\/\/lemco.dk\/fr\/","name":"Lemco","description":"","publisher":{"@id":"https:\/\/lemco.dk\/fr\/#organization"},"alternateName":"Lemco Mobility Denmark","potentialAction":[{"@type":"SearchAction","target":{"@type":"EntryPoint","urlTemplate":"https:\/\/lemco.dk\/fr\/?s={search_term_string}"},"query-input":{"@type":"PropertyValueSpecification","valueRequired":true,"valueName":"search_term_string"}}],"inLanguage":"fr-FR"},{"@type":"Organization","@id":"https:\/\/lemco.dk\/fr\/#organization","name":"LEMCO Rehab & Fysio","alternateName":"Lemco Mobility Denmark","url":"https:\/\/lemco.dk\/fr\/","logo":{"@type":"ImageObject","inLanguage":"fr-FR","@id":"https:\/\/lemco.dk\/fr\/#\/schema\/logo\/image\/","url":"https:\/\/lemco.dk\/wp-content\/uploads\/2020\/07\/Lemco-rehab-fysio-logo-120px.png","contentUrl":"https:\/\/lemco.dk\/wp-content\/uploads\/2020\/07\/Lemco-rehab-fysio-logo-120px.png","width":120,"height":38,"caption":"LEMCO Rehab & Fysio"},"image":{"@id":"https:\/\/lemco.dk\/fr\/#\/schema\/logo\/image\/"},"sameAs":["https:\/\/www.facebook.com\/lemcorehab","https:\/\/linkedin.com\/company\/lemco-rehab-fysio\/","https:\/\/www.youtube.com\/c\/Lemcorehab"],"description":"We manufacture and sell exercisers for wheelchair use and for exercising in bed during hospital stay. Pedal exercisers that are steady on the floor.","email":"info@lemco.dk","telephone":"+45 3325 4002","legalName":"Lemco Rehab & Fysio ApS","vatID":"DK40159916","numberOfEmployees":{"@type":"QuantitativeValue","minValue":"1","maxValue":"10"}}]}},"_links":{"self":[{"href":"https:\/\/lemco.dk\/fr\/wp-json\/wp\/v2\/pages\/26824","targetHints":{"allow":["GET"]}}],"collection":[{"href":"https:\/\/lemco.dk\/fr\/wp-json\/wp\/v2\/pages"}],"about":[{"href":"https:\/\/lemco.dk\/fr\/wp-json\/wp\/v2\/types\/page"}],"author":[{"embeddable":true,"href":"https:\/\/lemco.dk\/fr\/wp-json\/wp\/v2\/users\/2"}],"replies":[{"embeddable":true,"href":"https:\/\/lemco.dk\/fr\/wp-json\/wp\/v2\/comments?post=26824"}],"version-history":[{"count":0,"href":"https:\/\/lemco.dk\/fr\/wp-json\/wp\/v2\/pages\/26824\/revisions"}],"wp:attachment":[{"href":"https:\/\/lemco.dk\/fr\/wp-json\/wp\/v2\/media?parent=26824"}],"curies":[{"name":"wp","href":"https:\/\/api.w.org\/{rel}","templated":true}]}}