{"id":26820,"date":"2020-08-19T18:34:18","date_gmt":"2020-08-19T16:34:18","guid":{"rendered":"https:\/\/lemco.dk\/?page_id=26820"},"modified":"2020-12-07T16:38:20","modified_gmt":"2020-12-07T15:38:20","slug":"retour-ou-echange","status":"publish","type":"page","link":"https:\/\/lemco.dk\/fr\/retour-ou-echange\/","title":{"rendered":"Retour o\u00f9 \u00e9change"},"content":{"rendered":"<div class=\"wpb-content-wrapper\"><p>[vc_row][vc_column][vc_custom_heading text=&#8221;Retour o\u00f9 \u00e9change &#8221; google_fonts=&#8221;font_family:Roboto%3A100%2C100italic%2C300%2C300italic%2Cregular%2Citalic%2C500%2C500italic%2C700%2C700italic%2C900%2C900italic|font_style:700%20bold%20regular%3A700%3Anormal&#8221;][vc_column_text text_larger=&#8221;no&#8221;]Pour exercer son droit de r\u00e9tractation, le Client devra imp\u00e9rativement contacter au pr\u00e9alable LEMCO Rehab &amp; Fysio, qui lui confirmera si la commande peut bien faire l\u2019objet d\u2019une r\u00e9tractation\u00a0:<\/p>\n<ul>\n<li>Par t\u00e9l\u00e9phone\u00a0: +45 3325 4002 \u00a0(appel non surtax\u00e9) nous parlons fran\u00e7ais<\/li>\n<li>Par courrier\u00a0: LEMCO Rehab &amp; Fysio &#8211; Fabriksvej 3 \u2013 DK-3000 Helsingor \u00a0\u2013 Danemark<\/li>\n<\/ul>\n<p>Le Client ne supporte que les co\u00fbts directs de renvoi des biens, les frais de retour des produits \u00e9tant \u00e0 la charge du Client.<\/p>\n<p>Le Client doit renvoyer ou rendre le ou les produits, \u00e0 LEMCO Rehab &amp; Fysio sans retard excessif et, en tout \u00e9tat de cause, au plus tard quatorze (14) jours apr\u00e8s communication de la part du Client de sa d\u00e9cision de r\u00e9tractation de sa commande. Ce d\u00e9lai est r\u00e9put\u00e9 respect\u00e9 si le Client a renvoy\u00e9 les produits avant l\u2019expiration du d\u00e9lai de quatorze (14) jours.<\/p>\n<p>Le Client disposera des options suivantes\u00a0:<\/p>\n<p><strong>Option 21<\/strong>\u00a0: Envoyer le colis \u00e0 ses frais \u00e0 l\u2019adresse suivante\u00a0: LEMCO Rehab &amp; Fysio ApS &#8211; Fabriksvej 3 &#8211; DK-3000 Helsing\u00f8r Danemark<\/p>\n<p><strong>Option 3<\/strong>\u00a0: Un transporteur viendra r\u00e9cup\u00e9rer le produit \u00e0 son domicile aux frais du Client (devis communiqu\u00e9 au pr\u00e9alable au Client, et si accept\u00e9 par ce dernier, le co\u00fbt du retour sera d\u00e9duit de son remboursement).<\/p>\n<p>Pour tous les produits dits hors gabarit (Combi Bike Plus) le retrait sera effectu\u00e9 par le Vendeur. Le Client sera inform\u00e9 du co\u00fbt de ce retrait en amont (devis communiqu\u00e9 au pr\u00e9alable au Client, et si accept\u00e9 par ce dernier, le co\u00fbt du retour sera d\u00e9duit de son remboursement), et il pourra le refuser et proc\u00e9der au retour desdits produits \u00e0 ses frais et selon le mode de transport de son choix, sous r\u00e9serve qu\u2019il assure un retour des produits en parfait \u00e9tat.[\/vc_column_text][vc_custom_heading text=&#8221;Effects de retraction&#8221; google_fonts=&#8221;font_family:Roboto%3A100%2C100italic%2C300%2C300italic%2Cregular%2Citalic%2C500%2C500italic%2C700%2C700italic%2C900%2C900italic|font_style:700%20bold%20regular%3A700%3Anormal&#8221;][vc_column_text text_larger=&#8221;no&#8221;]En cas de r\u00e9tractation de sa commande de la part du Client, tous les paiements re\u00e7us du Client par le Vendeur, y compris les frais de livraison (\u00e0 l\u2019exception des frais suppl\u00e9mentaires d\u00e9coulant du fait qu\u2019un mode de livraison autre que le mode le moins couteux de livraison standard a \u00e9t\u00e9 choisi par le Client) sans retard excessif et, en tout \u00e9tat de cause, au plus tard quatorze (14) jours \u00e0 compter du jour o\u00f9 LEMCO Rehab &amp; Fysio ApS est inform\u00e9 de la d\u00e9cision de r\u00e9tractation du Client du pr\u00e9sent contrat, seront rembours\u00e9s.<\/p>\n<p>LEMCO Rehab &amp; Fysio ApS proc\u00e9dera au remboursement en utilisant le m\u00eame moyen de paiement que celui utilis\u00e9 par le Client pour la transaction initiale, sauf accord expr\u00e8s du Client pour qu\u2019un autre moyen de paiement soit utilis\u00e9 ; en tout \u00e9tat de cause, ce remboursement n\u2019occasionnera pas de frais pour le Client.<\/p>\n<p>LEMCO Rehab &amp; Fysio ApS se r\u00e9serve le droit de diff\u00e9rer le remboursement jusqu\u2019\u00e0 r\u00e9ception du bien ou jusqu\u2019\u00e0 fourniture d\u2019une preuve d\u2019exp\u00e9dition du bien. La date retenue est celle du premier de ces faits.<\/p>\n<p>La responsabilit\u00e9 du Client n\u2019est engag\u00e9e qu\u2019\u00e0 l\u2019\u00e9gard de la d\u00e9pr\u00e9ciation du bien r\u00e9sultant de manipulations autres que celles n\u00e9cessaires pour \u00e9tablir la nature, les caract\u00e9ristiques et le bon fonctionnement de ce bien.[\/vc_column_text][vc_custom_heading text=&#8221;Retour des produits&#8221; google_fonts=&#8221;font_family:Roboto%3A100%2C100italic%2C300%2C300italic%2Cregular%2Citalic%2C500%2C500italic%2C700%2C700italic%2C900%2C900italic|font_style:700%20bold%20regular%3A700%3Anormal&#8221;][vc_column_text text_larger=&#8221;no&#8221;]Les produits doivent \u00eatre retourn\u00e9s neufs, complets, intacts et dans leur emballage d\u2019origine. Ils ne doivent pas avoir fait l\u2019objet de manipulations autres que celles n\u00e9cessaires pour \u00e9tablir la nature, les caract\u00e9ristiques et le bon fonctionnement de ces produits. Mais vous pouvez naturellement essayer le produit.[\/vc_column_text][vc_column_text]Contactez nous svp. pour retourner un produit (m\u00eame apr\u00e8s avoir essay\u00e9)[\/vc_column_text][\/vc_column][\/vc_row][vc_row][vc_column]<div id=\"wd-5f7e17b6bd52a\" class=\" wd-rs-5f7e17b6bd52a  wd-button-wrapper text-center\"><a href=\"https:\/\/lemco.dk\/fr\/contacte\/\" title=\"Contacte\" class=\"btn btn-style-default btn-shape-semi-round btn-size-large\">Contactez nous SVP<\/a><\/div>[\/vc_column][\/vc_row]<\/p>\n<\/div>","protected":false},"excerpt":{"rendered":"<p>[vc_row][vc_column][vc_custom_heading text=&#8221;Retour o\u00f9 \u00e9change &#8221; google_fonts=&#8221;font_family:Roboto%3A100%2C100italic%2C300%2C300italic%2Cregular%2Citalic%2C500%2C500italic%2C700%2C700italic%2C900%2C900italic|font_style:700%20bold%20regular%3A700%3Anormal&#8221;][vc_column_text text_larger=&#8221;no&#8221;]Pour exercer son droit de r\u00e9tractation, le Client devra imp\u00e9rativement contacter au pr\u00e9alable LEMCO<\/p>\n","protected":false},"author":2,"featured_media":0,"parent":0,"menu_order":0,"comment_status":"closed","ping_status":"closed","template":"","meta":{"content-type":"","footnotes":""},"class_list":["post-26820","page","type-page","status-publish","hentry"],"yoast_head":"<!-- This site is optimized with the Yoast SEO Premium plugin v27.3 (Yoast SEO v27.3) - https:\/\/yoast.com\/product\/yoast-seo-premium-wordpress\/ -->\n<title>Retour o\u00f9 \u00e9change - Lemco<\/title>\n<meta name=\"description\" content=\"Retour o\u00f9 \u00e9change pour des produits achet\u00e9 sur n\u00f4tre site internet ou par telephone.\" \/>\n<meta name=\"robots\" content=\"index, follow, max-snippet:-1, max-image-preview:large, max-video-preview:-1\" \/>\n<link rel=\"canonical\" href=\"https:\/\/lemco.dk\/fr\/retour-ou-echange\/\" \/>\n<meta property=\"og:locale\" content=\"fr_FR\" \/>\n<meta property=\"og:type\" content=\"article\" \/>\n<meta property=\"og:title\" content=\"Retour o\u00f9 \u00e9change\" \/>\n<meta property=\"og:description\" content=\"Retour o\u00f9 \u00e9change pour des produits achet\u00e9 sur n\u00f4tre site internet ou par telephone.\" \/>\n<meta property=\"og:url\" content=\"https:\/\/lemco.dk\/fr\/retour-ou-echange\/\" \/>\n<meta property=\"og:site_name\" content=\"Lemco\" \/>\n<meta property=\"article:publisher\" content=\"https:\/\/www.facebook.com\/lemcorehab\" \/>\n<meta property=\"article:modified_time\" content=\"2020-12-07T15:38:20+00:00\" \/>\n<meta name=\"twitter:card\" content=\"summary_large_image\" \/>\n<script type=\"application\/ld+json\" class=\"yoast-schema-graph\">{\"@context\":\"https:\\\/\\\/schema.org\",\"@graph\":[{\"@type\":\"WebPage\",\"@id\":\"https:\\\/\\\/lemco.dk\\\/fr\\\/retour-ou-echange\\\/\",\"url\":\"https:\\\/\\\/lemco.dk\\\/fr\\\/retour-ou-echange\\\/\",\"name\":\"Retour o\u00f9 \u00e9change - Lemco\",\"isPartOf\":{\"@id\":\"https:\\\/\\\/lemco.dk\\\/fr\\\/#website\"},\"datePublished\":\"2020-08-19T16:34:18+00:00\",\"dateModified\":\"2020-12-07T15:38:20+00:00\",\"description\":\"Retour o\u00f9 \u00e9change pour des produits achet\u00e9 sur n\u00f4tre site internet ou par telephone.\",\"breadcrumb\":{\"@id\":\"https:\\\/\\\/lemco.dk\\\/fr\\\/retour-ou-echange\\\/#breadcrumb\"},\"inLanguage\":\"fr-FR\",\"potentialAction\":[{\"@type\":\"ReadAction\",\"target\":[\"https:\\\/\\\/lemco.dk\\\/fr\\\/retour-ou-echange\\\/\"]}]},{\"@type\":\"BreadcrumbList\",\"@id\":\"https:\\\/\\\/lemco.dk\\\/fr\\\/retour-ou-echange\\\/#breadcrumb\",\"itemListElement\":[{\"@type\":\"ListItem\",\"position\":1,\"name\":\"Forside\",\"item\":\"https:\\\/\\\/lemco.dk\\\/fr\\\/\"},{\"@type\":\"ListItem\",\"position\":2,\"name\":\"Retour o\u00f9 \u00e9change\"}]},{\"@type\":\"WebSite\",\"@id\":\"https:\\\/\\\/lemco.dk\\\/fr\\\/#website\",\"url\":\"https:\\\/\\\/lemco.dk\\\/fr\\\/\",\"name\":\"Lemco\",\"description\":\"\",\"publisher\":{\"@id\":\"https:\\\/\\\/lemco.dk\\\/fr\\\/#organization\"},\"alternateName\":\"Lemco Mobility Denmark\",\"potentialAction\":[{\"@type\":\"SearchAction\",\"target\":{\"@type\":\"EntryPoint\",\"urlTemplate\":\"https:\\\/\\\/lemco.dk\\\/fr\\\/?s={search_term_string}\"},\"query-input\":{\"@type\":\"PropertyValueSpecification\",\"valueRequired\":true,\"valueName\":\"search_term_string\"}}],\"inLanguage\":\"fr-FR\"},{\"@type\":\"Organization\",\"@id\":\"https:\\\/\\\/lemco.dk\\\/fr\\\/#organization\",\"name\":\"LEMCO Rehab & Fysio\",\"alternateName\":\"Lemco Mobility Denmark\",\"url\":\"https:\\\/\\\/lemco.dk\\\/fr\\\/\",\"logo\":{\"@type\":\"ImageObject\",\"inLanguage\":\"fr-FR\",\"@id\":\"https:\\\/\\\/lemco.dk\\\/fr\\\/#\\\/schema\\\/logo\\\/image\\\/\",\"url\":\"https:\\\/\\\/lemco.dk\\\/wp-content\\\/uploads\\\/2020\\\/07\\\/Lemco-rehab-fysio-logo-120px.png\",\"contentUrl\":\"https:\\\/\\\/lemco.dk\\\/wp-content\\\/uploads\\\/2020\\\/07\\\/Lemco-rehab-fysio-logo-120px.png\",\"width\":120,\"height\":38,\"caption\":\"LEMCO Rehab & Fysio\"},\"image\":{\"@id\":\"https:\\\/\\\/lemco.dk\\\/fr\\\/#\\\/schema\\\/logo\\\/image\\\/\"},\"sameAs\":[\"https:\\\/\\\/www.facebook.com\\\/lemcorehab\",\"https:\\\/\\\/linkedin.com\\\/company\\\/lemco-rehab-fysio\\\/\",\"https:\\\/\\\/www.youtube.com\\\/c\\\/Lemcorehab\"],\"description\":\"We manufacture and sell exercisers for wheelchair use and for exercising in bed during hospital stay. Pedal exercisers that are steady on the floor.\",\"email\":\"info@lemco.dk\",\"telephone\":\"+45 3325 4002\",\"legalName\":\"Lemco Rehab & Fysio ApS\",\"vatID\":\"DK40159916\",\"numberOfEmployees\":{\"@type\":\"QuantitativeValue\",\"minValue\":\"1\",\"maxValue\":\"10\"}}]}<\/script>\n<!-- \/ Yoast SEO Premium plugin. -->","yoast_head_json":{"title":"Retour o\u00f9 \u00e9change - Lemco","description":"Retour o\u00f9 \u00e9change pour des produits achet\u00e9 sur n\u00f4tre site internet ou par telephone.","robots":{"index":"index","follow":"follow","max-snippet":"max-snippet:-1","max-image-preview":"max-image-preview:large","max-video-preview":"max-video-preview:-1"},"canonical":"https:\/\/lemco.dk\/fr\/retour-ou-echange\/","og_locale":"fr_FR","og_type":"article","og_title":"Retour o\u00f9 \u00e9change","og_description":"Retour o\u00f9 \u00e9change pour des produits achet\u00e9 sur n\u00f4tre site internet ou par telephone.","og_url":"https:\/\/lemco.dk\/fr\/retour-ou-echange\/","og_site_name":"Lemco","article_publisher":"https:\/\/www.facebook.com\/lemcorehab","article_modified_time":"2020-12-07T15:38:20+00:00","twitter_card":"summary_large_image","schema":{"@context":"https:\/\/schema.org","@graph":[{"@type":"WebPage","@id":"https:\/\/lemco.dk\/fr\/retour-ou-echange\/","url":"https:\/\/lemco.dk\/fr\/retour-ou-echange\/","name":"Retour o\u00f9 \u00e9change - Lemco","isPartOf":{"@id":"https:\/\/lemco.dk\/fr\/#website"},"datePublished":"2020-08-19T16:34:18+00:00","dateModified":"2020-12-07T15:38:20+00:00","description":"Retour o\u00f9 \u00e9change pour des produits achet\u00e9 sur n\u00f4tre site internet ou par telephone.","breadcrumb":{"@id":"https:\/\/lemco.dk\/fr\/retour-ou-echange\/#breadcrumb"},"inLanguage":"fr-FR","potentialAction":[{"@type":"ReadAction","target":["https:\/\/lemco.dk\/fr\/retour-ou-echange\/"]}]},{"@type":"BreadcrumbList","@id":"https:\/\/lemco.dk\/fr\/retour-ou-echange\/#breadcrumb","itemListElement":[{"@type":"ListItem","position":1,"name":"Forside","item":"https:\/\/lemco.dk\/fr\/"},{"@type":"ListItem","position":2,"name":"Retour o\u00f9 \u00e9change"}]},{"@type":"WebSite","@id":"https:\/\/lemco.dk\/fr\/#website","url":"https:\/\/lemco.dk\/fr\/","name":"Lemco","description":"","publisher":{"@id":"https:\/\/lemco.dk\/fr\/#organization"},"alternateName":"Lemco Mobility Denmark","potentialAction":[{"@type":"SearchAction","target":{"@type":"EntryPoint","urlTemplate":"https:\/\/lemco.dk\/fr\/?s={search_term_string}"},"query-input":{"@type":"PropertyValueSpecification","valueRequired":true,"valueName":"search_term_string"}}],"inLanguage":"fr-FR"},{"@type":"Organization","@id":"https:\/\/lemco.dk\/fr\/#organization","name":"LEMCO Rehab & Fysio","alternateName":"Lemco Mobility Denmark","url":"https:\/\/lemco.dk\/fr\/","logo":{"@type":"ImageObject","inLanguage":"fr-FR","@id":"https:\/\/lemco.dk\/fr\/#\/schema\/logo\/image\/","url":"https:\/\/lemco.dk\/wp-content\/uploads\/2020\/07\/Lemco-rehab-fysio-logo-120px.png","contentUrl":"https:\/\/lemco.dk\/wp-content\/uploads\/2020\/07\/Lemco-rehab-fysio-logo-120px.png","width":120,"height":38,"caption":"LEMCO Rehab & Fysio"},"image":{"@id":"https:\/\/lemco.dk\/fr\/#\/schema\/logo\/image\/"},"sameAs":["https:\/\/www.facebook.com\/lemcorehab","https:\/\/linkedin.com\/company\/lemco-rehab-fysio\/","https:\/\/www.youtube.com\/c\/Lemcorehab"],"description":"We manufacture and sell exercisers for wheelchair use and for exercising in bed during hospital stay. Pedal exercisers that are steady on the floor.","email":"info@lemco.dk","telephone":"+45 3325 4002","legalName":"Lemco Rehab & Fysio ApS","vatID":"DK40159916","numberOfEmployees":{"@type":"QuantitativeValue","minValue":"1","maxValue":"10"}}]}},"_links":{"self":[{"href":"https:\/\/lemco.dk\/fr\/wp-json\/wp\/v2\/pages\/26820","targetHints":{"allow":["GET"]}}],"collection":[{"href":"https:\/\/lemco.dk\/fr\/wp-json\/wp\/v2\/pages"}],"about":[{"href":"https:\/\/lemco.dk\/fr\/wp-json\/wp\/v2\/types\/page"}],"author":[{"embeddable":true,"href":"https:\/\/lemco.dk\/fr\/wp-json\/wp\/v2\/users\/2"}],"replies":[{"embeddable":true,"href":"https:\/\/lemco.dk\/fr\/wp-json\/wp\/v2\/comments?post=26820"}],"version-history":[{"count":0,"href":"https:\/\/lemco.dk\/fr\/wp-json\/wp\/v2\/pages\/26820\/revisions"}],"wp:attachment":[{"href":"https:\/\/lemco.dk\/fr\/wp-json\/wp\/v2\/media?parent=26820"}],"curies":[{"name":"wp","href":"https:\/\/api.w.org\/{rel}","templated":true}]}}